{"id":114,"date":"2021-03-29T17:32:53","date_gmt":"2021-03-29T22:32:53","guid":{"rendered":"https:\/\/empredu365.com\/?page_id=114"},"modified":"2023-10-05T11:30:43","modified_gmt":"2023-10-05T16:30:43","slug":"terminos-y-condiciones","status":"publish","type":"page","link":"https:\/\/kleck.digital\/en\/terminos-y-condiciones\/","title":{"rendered":"T\u00e9rminos y Condiciones"},"content":{"rendered":"<div data-elementor-type=\"wp-page\" data-elementor-id=\"114\" class=\"elementor elementor-114\" data-elementor-post-type=\"page\">\n\t\t\t\t\t\t<section class=\"elementor-section elementor-top-section elementor-element elementor-element-71208cca elementor-section-stretched elementor-section-boxed elementor-section-height-default elementor-section-height-default\" data-id=\"71208cca\" data-element_type=\"section\" data-settings=\"{&quot;stretch_section&quot;:&quot;section-stretched&quot;}\">\n\t\t\t\t\t\t<div class=\"elementor-container elementor-column-gap-default\">\n\t\t\t\t\t<div class=\"elementor-column elementor-col-100 elementor-top-column elementor-element elementor-element-61241b7f\" data-id=\"61241b7f\" data-element_type=\"column\">\n\t\t\t<div class=\"elementor-widget-wrap elementor-element-populated\">\n\t\t\t\t\t\t<div class=\"elementor-element elementor-element-2578e77d elementor-widget elementor-widget-heading\" data-id=\"2578e77d\" data-element_type=\"widget\" data-widget_type=\"heading.default\">\n\t\t\t\t<div class=\"elementor-widget-container\">\n\t\t\t\t\t<h2 class=\"elementor-heading-title elementor-size-default\">T\u00c9RMINOS Y CONDICIONES<\/h2>\t\t\t\t<\/div>\n\t\t\t\t<\/div>\n\t\t\t\t<div class=\"elementor-element elementor-element-42f5e5f elementor-widget elementor-widget-text-editor\" data-id=\"42f5e5f\" data-element_type=\"widget\" data-widget_type=\"text-editor.default\">\n\t\t\t\t<div class=\"elementor-widget-container\">\n\t\t\t\t\t\t\t\t\t<p><span style=\"font-size: 15px;\">Este contrato describe los t\u00e9rminos y condiciones generales (en adelante \u00fanicamente \u00abT\u00c9RMINOS Y CONDICIONES\u00bb) aplicables al uso de los contenidos, productos y servicios ofrecidos en este SITIO WEB<\/span><span style=\"font-size: 15px;\">. Cualquier persona que desee acceder o hacer uso del sitio o los servicios que en \u00e9l se ofrecen, podr\u00e1 hacerlo sujet\u00e1ndose a los presentes T\u00c9RMINOS Y CONDICIONES, as\u00ed como a pol\u00edticas y principios incorporados al presente documento. En todo caso, cualquier persona que no acepte los presentes t\u00e9rminos y condiciones, deber\u00e1 abstenerse de utilizar el SITIO WEB y\/o adquirir los productos y servicios que en su caso sean ofrecidos.<\/span><\/p>\n<p><strong>&nbsp;<\/strong><\/p>\n<p><strong>I. DEL OBJETO.<\/strong><\/p>\n<p>El objeto de los presentes T\u00c9RMINOS Y CONDICIONES es regular el acceso y la utilizaci\u00f3n del SITIO WEB, entendiendo por este cualquier tipo de contenido, producto o servicio que se encuentre a disposici\u00f3n del p\u00fablico en general dentro de este dominio.<\/p>\n<p>El TITULAR DEL SITIO WEB se reserva la facultad de modificar en cualquier momento y sin previo aviso, la presentaci\u00f3n, los contenidos, la funcionalidad, los productos, los servicios, y la configuraci\u00f3n que pudiera estar contenida en el SITIO WEB; en este sentido, el USUARIO reconoce y acepta que EL TITULAR&nbsp;en cualquier momento podr\u00e1n interrumpir, desactivar o cancelar cualquiera de los elementos que conforman el SITIO WEB o el acceso a los mismos.<\/p>\n<p>Parte de los contenidos o servicios ofrecidos, en su caso, por terceros a trav\u00e9s del SITIO WEB pueden estar sujetos a la contrataci\u00f3n previa del contenido, producto o servicio, en cuyo caso se especificar\u00e1 de forma clara y se pondr\u00e1 a disposici\u00f3n del USUARIO las condiciones generales o particulares por las que se rija el acceso a dichos contenidos.<\/p>\n<p>El acceso a parte de los contenidos y servicios del SITIO WEB podr\u00e1 realizarse previa suscripci\u00f3n o registro previo del USUARIO.<\/p>\n<p>El SITIO WEB se encuentra dirigido exclusivamente a personas que cuenten con la mayor\u00eda de edad (mayores de 18 a\u00f1os); en este sentido, EL TITULAR declina cualquier responsabilidad por el incumplimiento de este requisito.<\/p>\n<p>Se hace del conocimiento del USUARIO que el TITULAR podr\u00e1 administrar o gestionar el SITIO WEB de manera directa o a trav\u00e9s de un tercero, lo cual no modifica en ning\u00fan sentido lo establecido en los presentes T\u00c9RMINOS Y CONDICIONES.<\/p>\n<p><strong>&nbsp;<\/strong><\/p>\n<p><strong>II. DEL USUARIO.<\/strong><\/p>\n<p>El acceso o utilizaci\u00f3n del SITIO WEB, as\u00ed como de los recursos habilitados para interactuar entre los USUARIOS, o entre el USUARIO y el TITULAR tales como medios para realizar publicaciones o comentarios, confiere la condici\u00f3n de USUARIO del SITIO WEB, por lo que quedar\u00e1 sujeto a los presentes T\u00c9RMINOS Y CONDICIONES, as\u00ed como a sus ulteriores modificaciones, sin perjuicio de la aplicaci\u00f3n de la legislaci\u00f3n aplicable, por tanto, se tendr\u00e1n por aceptados desde el momento en el que se accede al SITIO WEB. Dada la relevancia de lo anterior, se recomienda al USUARIO revisar las actualizaciones que se realicen a los presentes T\u00c9RMINOS Y CONDICIONES.<\/p>\n<p>Es responsabilidad del USUARIO utilizar el SITIO WEB de acuerdo a la forma en la que fue dise\u00f1ado; en este sentido, queda prohibida la utilizaci\u00f3n de cualquier tipo de software que automatice la interacci\u00f3n o descarga de los contenidos o servicios proporcionados a trav\u00e9s del SITIO WEB. Adem\u00e1s, el USUARIO se compromete a utilizar la informaci\u00f3n, contenidos o servicios ofrecidos a trav\u00e9s del SITIO WEB de manera l\u00edcita, sin contravenir lo dispuesto en los presentes T\u00c9RMINOS Y CONDICIONES, la moral o el orden p\u00fablico, y se abstendr\u00e1 de realizar cualquier acto que pueda suponer una afectaci\u00f3n a los derechos de terceros, o perjudique de alg\u00fan modo el funcionamiento del SITIO WEB.<\/p>\n<p>As\u00ed mismo, el usuario se compromete a proporcionar informaci\u00f3n l\u00edcita y veraz en los formularios habilitados en el SITIO WEB, en los cuales el usuario tenga que proporcionar ciertos datos o informaci\u00f3n para el acceso a alg\u00fan contenido, producto o servicio ofrecido por el propio SITIO WEB. En todo caso, el USUARIO notificar\u00e1 de forma inmediata al TITULAR acerca de cualquier hecho que permita suponer el uso indebido de la informaci\u00f3n registrada en dichos formularios, tales como, robo, extrav\u00edo, o acceso no autorizado a cuentas y\/o contrase\u00f1as, con el fin de proceder a su inmediata cancelaci\u00f3n.<\/p>\n<p>EL TITULAR se reserva el derecho de retirar todos aquellos comentarios y aportaciones que vulneren la ley, el respeto a la dignidad de la persona, que sean discriminatorios, atenten contra los derechos de tercero o el orden p\u00fablico, o bien, que a su juicio no resulten adecuados para su publicaci\u00f3n.<\/p>\n<p>En cualquier caso, EL TITULAR no ser\u00e1&nbsp;responsables de las opiniones vertidas por los USUARIOS a trav\u00e9s de comentarios o publicaciones que estos realicen.<\/p>\n<p>El s\u00f3lo acceso al SITIO WEB no supone el establecimiento de ning\u00fan tipo de relaci\u00f3n entre el TITULAR y el USUARIO.<\/p>\n<p>Al tratarse de un SITIO WEB dirigido exclusivamente a personas que cuenten con la mayor\u00eda de edad, el USUARIO manifiesta ser mayor de edad y disponer de la capacidad jur\u00eddica necesaria para sujetarse a los presentes T\u00c9RMINOS Y CONDICIONES.<\/p>\n<p><strong>&nbsp;<\/strong><\/p>\n<p><strong>III. DEL ACCESO Y NAVEGACI\u00d3N EN EL SITIO WEB.<\/strong><\/p>\n<p>El TITULAR no garantiza de ning\u00fan modo la continuidad y disponibilidad de los contenidos, productos o servicios ofrecidos a trav\u00e9s del SITIO WEB, no obstante, el TITULAR llevar\u00e1 a cabo las acciones que de acuerdo a sus posibilidades le permitan mantener el buen funcionamiento del SITO WEB, sin que esto suponga alguna responsabilidad de parte de EL TITULAR.<\/p>\n<p>De igual forma EL TITULAR no ser\u00e1 responsable ni garantiza que el contenido o software al que pueda accederse a trav\u00e9s del SITIO WEB, se encuentre libre de errores, software malicioso, o que pueda causar alg\u00fan da\u00f1o a nivel de software o hardware en el equipo a trav\u00e9s del cual el USUARIO accede al SITIO WEB.<\/p>\n<p>El TITULAR tampoco se hace responsable de los da\u00f1os que pudiesen ocasionarse por un uso inadecuado del SITIO WEB ni ser\u00e1&nbsp;responsable por las p\u00e9rdidas, da\u00f1os o perjuicios de cualquier tipo que surjan por el s\u00f3lo acceso o utilizaci\u00f3n del SITIO WEB.<\/p>\n<p><strong>&nbsp;<\/strong><\/p>\n<p><strong>IV. POL\u00cdTICA DE PRIVACIDAD Y PROTECCI\u00d3N DE DATOS.<\/strong><\/p>\n<p>El TITULAR se compromete a adoptar las medidas necesarias que est\u00e9n a su alcance para asegurar la privacidad de los datos personales recabados de forma que se garantice su seguridad, se evite su alteraci\u00f3n, p\u00e9rdida o tratamiento no autorizado.<\/p>\n<p>Adem\u00e1s, todo dato personal que sea recabado a trav\u00e9s del SITIO WEB, ser\u00e1 tratado de conformidad con los principios de licitud, calidad, finalidad, lealtad, y responsabilidad. Todo tratamiento de datos personales quedar\u00e1 sujeto al consentimiento de su titular. En todo caso, la utilizaci\u00f3n de datos financieros o patrimoniales, requerir\u00e1n de autorizaci\u00f3n expresa de sus titulares, no obstante, esta podr\u00e1 darse a trav\u00e9s del propio SITIO WEB utilizando los mecanismos habilitados para tal efecto, y en todo caso se dar\u00e1 la mayor diligencia y cuidado a este tipo de datos. Lo mismo ocurrir\u00e1 en el caso de datos personales sensibles, considerando por estos aquellos que debido a una utilizaci\u00f3n indebida puedan dar origen a discriminaci\u00f3n o su divulgaci\u00f3n conlleve un riesgo para el titular.<\/p>\n<p>En todo momento se procurar\u00e1 que los datos personales contenidos en las bases de datos o archivos que en su caso se utilicen, sean pertinentes, correctos y actualizados para los fines para los cuales fueron recabados.<\/p>\n<p>El tratamiento de datos personales se limitar\u00e1 al cumplimiento de las finalidades previstas en el <strong>Aviso de Privacidad<\/strong> el cual se encontrar\u00e1 disponible en la p\u00e1gina de pol\u00edtica de privacidad del SITIO WEB.<\/p>\n<p>El SITIO WEB podr\u00e1 incluir hiperv\u00ednculos o enlaces que permitan acceder a p\u00e1ginas web de terceros distintos del TITULAR. Los titulares de dichos sitios web dispondr\u00e1n de sus propias pol\u00edticas de privacidad y protecci\u00f3n de datos, por lo cual EL TITULAR de este SITIO WEB no asumen ning\u00fan tipo de responsabilidad por los datos que san facilitados por el USUARIO a trav\u00e9s de cualquier sitio web distinto a este.<\/p>\n<p>EL TITULAR se reserva el derecho a modificar su Pol\u00edtica de Privacidad, de acuerdo a sus necesidades o derivado de alg\u00fan cambio en la legislaci\u00f3n. El acceso o utilizaci\u00f3n del SITIO WEB despu\u00e9s de dichos cambios, implicar\u00e1 la aceptaci\u00f3n de estos cambios.<\/p>\n<p>Por otra parte, el acceso al SITIO WEB puede implicar la utilizaci\u00f3n de cookies, las cuales, son peque\u00f1as cantidades de informaci\u00f3n que se almacenan en el navegador utilizado por el USUARIO. Las cookies facilitan la navegaci\u00f3n, la hacen m\u00e1s amigable, y no da\u00f1an el dispositivo de navegaci\u00f3n, para ello, pueden recabar informaci\u00f3n para ingresar al SITIO WEB, almacenar las preferencias del USUARIO, as\u00ed como la interacci\u00f3n que este tenga con el SITIO WEB, como por ejemplo: la fecha y hora en la que se accede al SITIO WEB, el tiempo que se ha hecho uso de este, los sitios visitados antes y despu\u00e9s del mismo, el n\u00famero de p\u00e1ginas visitadas, la direcci\u00f3n IP de la cual accede el usuario, la frecuencia de visitas, etc.<\/p>\n<p>Este tipo de informaci\u00f3n ser\u00e1 utilizada para mejorar el SITIO WEB, detectar errores, y posibles necesidades que el USUARIO pueda tener, lo anterior a efecto de ofrecer a los USUARIOS servicios y contenidos de mejor calidad. En todo caso, la informaci\u00f3n que se recopile ser\u00e1 an\u00f3nima y no se identificar\u00e1 a usuarios individuales.<\/p>\n<p>En caso de que el USUARIO no desee que se recopile este tipo de informaci\u00f3n deber\u00e1 deshabilitar, rechazar, restringir y\/o eliminar el uso de cookies en su navegador de internet. Los procedimientos para realizar estas acciones pueden diferir de un navegador a otro; en consecuencia, se sugiere revisar las instrucciones facilitadas por el desarrollador del navegador. En el supuesto de que rechace el uso de cookies (total o parcialmente) el USUARIO podr\u00e1 continuar haciendo uso del SITIO WEB, aunque podr\u00edan quedar deshabilitadas algunas de las funciones del mismo.<span style=\"color: var( --e-global-color-text ); font-family: var( --e-global-typography-text-font-family ); font-weight: var( --e-global-typography-text-font-weight ); font-size: 1rem;\">&nbsp;<\/span><\/p>\n<p>Es posible que en el futuro estas pol\u00edticas respecto a las cookies cambien o se actualicen, por ello es recomendable revisar las actualizaciones que se realicen a los presentes T\u00c9RMINOS Y CONDICIONES, con objetivo de estar adecuadamente informado sobre c\u00f3mo y para qu\u00e9 utilizamos las cookies que se generan al ingresar o hacer uso del SITIO WEB.<\/p>\n<p><strong>&nbsp;<\/strong><\/p>\n<p><strong>V. POL\u00cdTICA DE DEVOLUCI\u00d3N DEL DINERO.<\/strong><\/p>\n<p><span style=\"font-size: 15px; font-style: normal; font-weight: 400;\">EL TITULAR del SITIO WEB ofrece una garant\u00eda de satisfacci\u00f3n del 100% en la compra de cualquier producto o la devoluci\u00f3n del dinero. En otras palabras, el USUARIO, luego de comprar alg\u00fan producto del SITIO WEB, si por cualquier raz\u00f3n no esta satisfecho con su compra, tiene el derecho a solicitar la devoluci\u00f3n total de su dinero y el TITULAR del SITIO WEB realizar\u00e1 la devoluci\u00f3n siempre y cuando la solicitud se realice durante los primeros 7 d\u00edas despu\u00e9s de la compra y que el pago no haya sido en efectivo (Solo se har\u00e1n devoluciones por pagos realizados con tarjeta de cr\u00e9dito o PayPal y ser\u00e1n procesados por la empresa THRIVECART)<\/span><\/p>\n<p><span style=\"font-size: 15px; font-style: normal; font-weight: 400;\">&nbsp;<\/span><\/p>\n<p><strong>VI. POL\u00cdTICA DE ENLACES.<\/strong><\/p>\n<p>El SITIO WEB puede contener enlaces, contenidos, servicios o funciones, de otros sitios de internet pertenecientes y\/o gestionados por terceros, como por ejemplo im\u00e1genes, videos, comentarios, motores de b\u00fasqueda, etc.<\/p>\n<p>La utilizaci\u00f3n de estos enlaces, contenidos, servicios o funciones, tiene por objeto mejorar la experiencia del USUARIO al hacer uso del SITIO WEB, sin que pueda considerarse una sugerencia, recomendaci\u00f3n o invitaci\u00f3n para hacer uso de sitios externos. EL TITULAR en ning\u00fan caso revisar\u00e1 o controlar\u00e1 el contenido de los sitios externos, de igual forma, no hace propios los productos, servicios, contenidos, y cualquier otro material existente en los referidos sitios enlazados; por lo cual, tampoco se garantizar\u00e1 la disponibilidad, exactitud, veracidad, validez o legalidad de los sitios externos a los que se pueda tener acceso a trav\u00e9s del SITIO WEB. As\u00ed mismo, el TITULAR no asume ninguna responsabilidad por los da\u00f1os y perjuicios que pudieran producirse por el acceso o uso, de los contenidos, productos o servicios disponibles en los sitios web no gestionados por EL TITULAR a&nbsp;los que se pueda acceder mediante el SITIO WEB.<\/p>\n<p>Los USUARIOS o terceros que realicen o publiquen un enlace web desde una pa\u0301gina web externa, a este SITIO WEB debera\u0301n tomar en cuenta lo siguiente:<br>No se permite la reproduccio\u0301n (total o parcial) de los contenidos, productos o servicios disponibles en el SITIO WEB sin la autorizacio\u0301n expresa de el TITULAR. Tampoco se permitira\u0301n manifestaciones falsas, inexactas o incorrectas sobre el SITIO WEB, ni sobre sus contenidos, productos o servicios, pudiendo el TITULAR restringir el acceso al SITIO WEB a toda aquella persona que incurra en este tipo de actos.<\/p>\n<p>El establecimiento de un enlace al SITIO WEB desde cualquier sitio externo, no implicara\u0301 la existencia de alguna relacio\u0301n entre EL TITULAR de este sitio web y el titular del sitio web externo, tampoco implicara\u0301 el conocimiento del TITULAR de los contenidos, productos o servicios ofrecidos en los sitios externos desde los cuales se pueda acceder al SITIO WEB.<\/p>\n<p><strong style=\"font-size: 15px;\">&nbsp;<\/strong><\/p>\n<p><strong style=\"font-size: 15px;\">VII. POL\u00cdTICA EN MATERIA DE PROPIEDAD INTELECTUAL E INDUSTRIAL.<\/strong><\/p>\n<p>EL TITULAR por s\u00ed o como parte cesionaria, es due\u00f1o de todos los derechos de propiedad intelectual e industrial del SITIO WEB, entendiendo por este el c\u00f3digo fuente que hace posible su funcionamiento as\u00ed como las im\u00e1genes, archivos de audio o video, logotipos, marcas, combinaciones de colores, estructuras, dise\u00f1os y dem\u00e1s elementos que lo distinguen. Ser\u00e1n, por consiguiente, protegidas por la legislaci\u00f3n colombiana en materia de propiedad intelectual e industrial, as\u00ed como por los tratados internacionales aplicables. Por consiguiente, queda expresamente prohibida la reproducci\u00f3n, distribuci\u00f3n, o difusi\u00f3n de los contenidos del SITIO WEB, con fines comerciales, en cualquier soporte y por cualquier medio, sin la autorizaci\u00f3n de EL TITULAR.<\/p>\n<p>El USUARIO se compromete a respetar los derechos de propiedad intelectual e industrial del TITULAR. No obstante, adem\u00e1s de poder visualizar los elementos del SITIO WEB podr\u00e1 imprimirlos, copiarlos o almacenarlos, siempre y cuando sea exclusivamente para su uso estrictamente personal.<\/p>\n<p>Por otro lado, el USUARIO, se abstendr\u00e1 de suprimir, alterar, o manipular cualquier elemento, archivo, o contenido, del SITIO WEB, y por ning\u00fan motivo realizar\u00e1 actos tendientes a vulnerar la seguridad, los archivos o bases de datos que se encuentren protegidos, ya sea a trav\u00e9s de un acceso restringido mediante un usuario y contrase\u00f1a, o porque no cuente con los permisos para visualizarlos, editarlos o manipularlos.<\/p>\n<p>En caso de que el USUARIO o alg\u00fan tercero consideren que cualquiera de los contenidos del SITIO WEB suponga una violaci\u00f3n de los derechos de protecci\u00f3n de la propiedad industrial o intelectual, deber\u00e1 comunicarlo inmediatamente al TITULAR por medio&nbsp;de la pagina de contacto disponible en el propio SITIO WEB.<\/p>\n<p><strong>&nbsp;<\/strong><\/p>\n<p><strong>VIII. LEGISLACI\u00d3N Y JURISDICCI\u00d3N APLICABLE.<\/strong><\/p>\n<p>EL TITULAR se reserva la facultad de presentar las acciones civiles o penales que considere necesarias por la utilizaci\u00f3n indebida del SITIO WEB, sus contenidos, productos o servicios, o por el incumplimiento de los presentes T\u00c9RMINOS Y CONDICIONES.<\/p>\n<p>La relaci\u00f3n entre el USUARIO y EL TITULAR se regir\u00e1 por la legislaci\u00f3n vigente en el pa\u00eds del TITULAR.&nbsp;De surgir cualquier controversia en relaci\u00f3n a la interpretaci\u00f3n y\/o a la aplicaci\u00f3n de los presentes T\u00c9RMINOS Y CONDICIONES, las partes se someter\u00e1n a la jurisdicci\u00f3n ordinaria de los tribunales que correspondan conforme a derecho en el estado al que se hace referencia.<\/p>\t\t\t\t\t\t\t\t<\/div>\n\t\t\t\t<\/div>\n\t\t\t\t\t<\/div>\n\t\t<\/div>\n\t\t\t\t\t<\/div>\n\t\t<\/section>\n\t\t\t\t<\/div>","protected":false},"excerpt":{"rendered":"<p>T\u00c9RMINOS Y CONDICIONES Este contrato describe los t\u00e9rminos y condiciones generales (en adelante \u00fanicamente \u00abT\u00c9RMINOS Y CONDICIONES\u00bb) aplicables al uso de los contenidos, productos y servicios ofrecidos en este SITIO WEB. Cualquier persona que desee acceder o hacer uso del sitio o los servicios que en \u00e9l se ofrecen, podr\u00e1 hacerlo sujet\u00e1ndose a los presentes [&hellip;]<\/p>\n","protected":false},"author":2,"featured_media":0,"parent":0,"menu_order":0,"comment_status":"closed","ping_status":"closed","template":"","meta":{"footnotes":""},"class_list":["post-114","page","type-page","status-publish","hentry"],"_links":{"self":[{"href":"https:\/\/kleck.digital\/en\/wp-json\/wp\/v2\/pages\/114","targetHints":{"allow":["GET"]}}],"collection":[{"href":"https:\/\/kleck.digital\/en\/wp-json\/wp\/v2\/pages"}],"about":[{"href":"https:\/\/kleck.digital\/en\/wp-json\/wp\/v2\/types\/page"}],"author":[{"embeddable":true,"href":"https:\/\/kleck.digital\/en\/wp-json\/wp\/v2\/users\/2"}],"replies":[{"embeddable":true,"href":"https:\/\/kleck.digital\/en\/wp-json\/wp\/v2\/comments?post=114"}],"version-history":[{"count":4,"href":"https:\/\/kleck.digital\/en\/wp-json\/wp\/v2\/pages\/114\/revisions"}],"predecessor-version":[{"id":5545,"href":"https:\/\/kleck.digital\/en\/wp-json\/wp\/v2\/pages\/114\/revisions\/5545"}],"wp:attachment":[{"href":"https:\/\/kleck.digital\/en\/wp-json\/wp\/v2\/media?parent=114"}],"curies":[{"name":"wp","href":"https:\/\/api.w.org\/{rel}","templated":true}]}}