{"id":5672,"date":"2023-12-04T14:34:32","date_gmt":"2023-12-04T19:34:32","guid":{"rendered":"https:\/\/kleck.digital\/?page_id=5672"},"modified":"2026-04-13T04:02:00","modified_gmt":"2026-04-13T09:02:00","slug":"home","status":"publish","type":"page","link":"https:\/\/kleck.digital\/en\/","title":{"rendered":"Inicio"},"content":{"rendered":"<h2 class=\"translation-block\">WE DEVELOP DIGITAL SOLUTIONS COMBINING <span style=\"color: #20C857\"> STRATEGY<\/span> WITH <span style=\"color: #20C857\"> IMAGINATION\n<\/span><\/h2>\n<h2>Digital transformation for your brand<\/h2>\n<p>Get to know our solutions<\/p>\n<h2>Creativity &amp; Branding<\/h2>\n<p>\t\tWe develop content generation and email marketing strategies to strengthen brand positioning in the digital sphere. We design and devise materials that adapt to any format, from 3D animations to packaging, creating relevant brand universes.<br \/>\n\t\t\t\t\t<a href=\"#contact\"><br \/>\n\t\t\t\t\t\t\t\t\tContact us<br \/>\n\t\t\t\t\t<\/a><br \/>\n\t\t\t\t\t<iframe src=\"https:\/\/iframe.mediadelivery.net\/embed\/204226\/56e197d7-e115-431b-a5ac-0f5fdb4b1963?autoplay=false\" loading=\"lazy\" style=\"border: none; border-radius: 8px; position: absolute; top: 0; height: 100%; width: 100%;\" allow=\"accelerometer; gyroscope; autoplay; encrypted-media; picture-in-picture;\" allowfullscreen=\"true\"><\/iframe><br \/>\n\t\t\t\t\t<iframe src=\"https:\/\/iframe.mediadelivery.net\/embed\/204226\/7f0a6c8c-62df-48e6-8170-23b69e956daa?autoplay=false\" loading=\"lazy\" style=\"border: none; border-radius: 8px; position: absolute; top: 0; height: 100%; width: 100%;\" allow=\"accelerometer; gyroscope; autoplay; encrypted-media; picture-in-picture;\" allowfullscreen=\"true\"><\/iframe>\t\t\t\t<\/p>\n<h2>Web<\/h2>\n<p>We design and develop custom websites and mobile applications to enhance your digital presence. From conceptualization to ongoing maintenance, we take care of all the details, including reliable hosting and the creation of creative materials. Our goal is to create an online and mobile presence that makes your company shine against the competition, providing powerful and effective digital solutions for your needs.<\/p>\n<p>\t\t\t\t\t<a href=\"#contact\"><br \/>\n\t\t\t\t\t\t\t\t\tContact us<br \/>\n\t\t\t\t\t<\/a><br \/>\n\t\t\t\t\t<iframe src=\"https:\/\/iframe.mediadelivery.net\/embed\/204226\/b24fdc58-fd3a-4ee7-ba99-ad119a1012dc?autoplay=false\" loading=\"lazy\" style=\"border: none; position: absolute; top: 0;border-radius: 8px; height: 100%; width: 100%;\" allow=\"accelerometer; gyroscope; autoplay; encrypted-media; picture-in-picture;\" allowfullscreen=\"true\"><\/iframe>\t\t\t\t<\/p>\n<h2>AD Performance<\/h2>\n<p>We are experts in the generation of Google Ads and Meta Ads, our expertise in the market allows us to provide a comprehensive service in developing online advertising guidelines that meet the macro and micro objectives, reaching target audiences, driving sales, and generating brand recognition.<\/p>\n<p>It's an all-in-one platform, designed to simplify and automate your marketing processes. It allows you to save time and resources, offering detailed analytics and reports that facilitate decision-making.<\/p>\n<p>\t\t\t\t\t<a href=\"#contact\"><br \/>\n\t\t\t\t\t\t\t\t\tContact us<br \/>\n\t\t\t\t\t<\/a><br \/>\n\t\t\t\t\t<iframe src=\"https:\/\/iframe.mediadelivery.net\/embed\/204226\/9a4ff669-18b7-4882-95ed-c813e14922c7?autoplay=false\" loading=\"lazy\" style=\"border: none; border-radius: 8px; position: absolute; top: 0; height: 100%; width: 100%;\" allow=\"accelerometer; gyroscope; autoplay; encrypted-media; picture-in-picture;\" allowfullscreen=\"true\"><\/iframe>\t\t\t\t<\/p>\n<h2>Corporate<\/h2>\n<p>Kleck Workspace enterprise solutions seamlessly integrate everything your business and your team need to complete any task in one place.<\/p>\n<p>\t\t\t\t\t<a href=\"#contact\"><br \/>\n\t\t\t\t\t\t\t\t\tContact us<br \/>\n\t\t\t\t\t<\/a><\/p>\n<h2>Meet<\/h2>\n<p>\t\t\t\t\t\t\t\t\t\t\t\t\t\t\t<img decoding=\"async\" width=\"66\" height=\"104\" src=\"https:\/\/kleck.digital\/wp-content\/uploads\/2024\/07\/Emoji-hihg.svg\" alt=\"\">\t\t\t\t\t\t\t\t\t\t\t\t\t\t\t<\/p>\n<h2>Kleck High Funnels<\/h2>\n<h2>THE COMPLETE SOLUTION FOR THE AUTOMATION AND MANAGEMENT OF YOUR BUSINESS<br \/>\n<\/h2>\n<p>At Kleck Digital, we are proud to launch Kleck High Funnels, our comprehensive platform designed to optimize your business management and automate your processes. With advanced tools for CRM, marketing, and much more, Kleck High Funnels is here to help you achieve your goals efficiently.<\/p>\n<figure><img decoding=\"async\" width=\"109\" height=\"109\" src=\"https:\/\/kleck.digital\/wp-content\/uploads\/2024\/07\/Recurso-4.png\" alt=\"\"><\/figure>\n<h3>Automations<\/h3>\n<figure><img decoding=\"async\" width=\"180\" height=\"106\" src=\"https:\/\/kleck.digital\/wp-content\/uploads\/2024\/07\/Recurso-5.png\" alt=\"\"><\/figure>\n<h3>Communication<\/h3>\n<figure><img loading=\"lazy\" decoding=\"async\" width=\"187\" height=\"150\" src=\"https:\/\/kleck.digital\/wp-content\/uploads\/2024\/07\/Recurso-8.png\" alt=\"\"><\/figure>\n<h3>Email Marketing<\/h3>\n<figure><img loading=\"lazy\" decoding=\"async\" width=\"204\" height=\"203\" src=\"https:\/\/kleck.digital\/wp-content\/uploads\/2024\/07\/Recurso-9.png\" alt=\"\"><\/figure>\n<h3>CRM<\/h3>\n<figure><img loading=\"lazy\" decoding=\"async\" width=\"144\" height=\"145\" src=\"https:\/\/kleck.digital\/wp-content\/uploads\/2024\/07\/Recurso-6.png\" alt=\"\"><\/figure>\n<h3>Chatbots for WhatsApp<\/h3>\n<figure><img loading=\"lazy\" decoding=\"async\" width=\"101\" height=\"133\" src=\"https:\/\/kleck.digital\/wp-content\/uploads\/2024\/07\/Recurso-3.png\" alt=\"\"><\/figure>\n<h3>Reviews<\/h3>\n<p>\t\t\t\t\t\t\t\t\t\t\t\t\t\t\t<img loading=\"lazy\" decoding=\"async\" width=\"1794\" height=\"2737\" src=\"https:\/\/kleck.digital\/wp-content\/uploads\/2024\/08\/IA-v2.svg\" alt=\"\">\t\t\t\t\t\t\t\t\t\t\t\t\t\t\t<\/p>\n<h2>AI Customer Support:<\/h2>\n<ul>\n<li>\n\t\t\t\t\t\t\t<svg xmlns=\"http:\/\/www.w3.org\/2000\/svg\" width=\"128\" height=\"128\" viewbox=\"0 0 24 24\"><g fill=\"none\" stroke=\"#004CBA\" stroke-linecap=\"round\" stroke-linejoin=\"round\" stroke-width=\"1.5\"><path d=\"M18.99 19H19m-.01 0c-.622.617-1.75.464-2.542.464c-.972 0-1.44.19-2.133.883C13.725 20.937 12.934 22 12 22s-1.725-1.063-2.315-1.653c-.694-.693-1.162-.883-2.133-.883c-.791 0-1.92.154-2.543-.464c-.627-.622-.473-1.756-.473-2.552c0-1.007-.22-1.47-.937-2.186C2.533 13.196 2 12.662 2 12s.533-1.196 1.6-2.262c.64-.64.936-1.274.936-2.186c0-.791-.154-1.92.464-2.543c.622-.627 1.756-.473 2.552-.473c.912 0 1.546-.297 2.186-.937C10.804 2.533 11.338 2 12 2s1.196.533 2.262 1.6c.64.64 1.274.936 2.186.936c.791 0 1.92-.154 2.543.464c.627.622.473 1.756.473 2.552c0 1.007.22 1.47.937 2.186C21.467 10.804 22 11.338 22 12s-.533 1.196-1.6 2.262c-.716.717-.936 1.18-.936 2.186c0 .796.154 1.93-.473 2.552\"><\/path><path d=\"M9 12.893s1.2.652 1.8 1.607c0 0 1.8-3.75 4.2-5\"><\/path><\/g><\/svg><br \/>\n\t\t\t\t\t\t\t\t\t\tSmart Support\n\t\t\t\t\t\t\t\t\t<\/li>\n<li>\n\t\t\t\t\t\t\t<svg xmlns=\"http:\/\/www.w3.org\/2000\/svg\" width=\"128\" height=\"128\" viewbox=\"0 0 24 24\"><g fill=\"none\" stroke=\"#004CBA\" stroke-linecap=\"round\" stroke-linejoin=\"round\" stroke-width=\"1.5\"><path d=\"M18.99 19H19m-.01 0c-.622.617-1.75.464-2.542.464c-.972 0-1.44.19-2.133.883C13.725 20.937 12.934 22 12 22s-1.725-1.063-2.315-1.653c-.694-.693-1.162-.883-2.133-.883c-.791 0-1.92.154-2.543-.464c-.627-.622-.473-1.756-.473-2.552c0-1.007-.22-1.47-.937-2.186C2.533 13.196 2 12.662 2 12s.533-1.196 1.6-2.262c.64-.64.936-1.274.936-2.186c0-.791-.154-1.92.464-2.543c.622-.627 1.756-.473 2.552-.473c.912 0 1.546-.297 2.186-.937C10.804 2.533 11.338 2 12 2s1.196.533 2.262 1.6c.64.64 1.274.936 2.186.936c.791 0 1.92-.154 2.543.464c.627.622.473 1.756.473 2.552c0 1.007.22 1.47.937 2.186C21.467 10.804 22 11.338 22 12s-.533 1.196-1.6 2.262c-.716.717-.936 1.18-.936 2.186c0 .796.154 1.93-.473 2.552\"><\/path><path d=\"M9 12.893s1.2.652 1.8 1.607c0 0 1.8-3.75 4.2-5\"><\/path><\/g><\/svg><br \/>\n\t\t\t\t\t\t\t\t\t\tInstant 24\/7 Assistance\n\t\t\t\t\t\t\t\t\t<\/li>\n<li>\n\t\t\t\t\t\t\t<svg xmlns=\"http:\/\/www.w3.org\/2000\/svg\" width=\"128\" height=\"128\" viewbox=\"0 0 24 24\"><g fill=\"none\" stroke=\"#004CBA\" stroke-linecap=\"round\" stroke-linejoin=\"round\" stroke-width=\"1.5\"><path d=\"M18.99 19H19m-.01 0c-.622.617-1.75.464-2.542.464c-.972 0-1.44.19-2.133.883C13.725 20.937 12.934 22 12 22s-1.725-1.063-2.315-1.653c-.694-.693-1.162-.883-2.133-.883c-.791 0-1.92.154-2.543-.464c-.627-.622-.473-1.756-.473-2.552c0-1.007-.22-1.47-.937-2.186C2.533 13.196 2 12.662 2 12s.533-1.196 1.6-2.262c.64-.64.936-1.274.936-2.186c0-.791-.154-1.92.464-2.543c.622-.627 1.756-.473 2.552-.473c.912 0 1.546-.297 2.186-.937C10.804 2.533 11.338 2 12 2s1.196.533 2.262 1.6c.64.64 1.274.936 2.186.936c.791 0 1.92-.154 2.543.464c.627.622.473 1.756.473 2.552c0 1.007.22 1.47.937 2.186C21.467 10.804 22 11.338 22 12s-.533 1.196-1.6 2.262c-.716.717-.936 1.18-.936 2.186c0 .796.154 1.93-.473 2.552\"><\/path><path d=\"M9 12.893s1.2.652 1.8 1.607c0 0 1.8-3.75 4.2-5\"><\/path><\/g><\/svg><br \/>\n\t\t\t\t\t\t\t\t\t\tAutomatic Responses tailored to your business\n\t\t\t\t\t\t\t\t\t<\/li>\n<\/ul>\n<p>\t\t\t\t\t\t\t\t\t\t\t\t\t\t\t<img loading=\"lazy\" decoding=\"async\" width=\"2564\" height=\"2725\" src=\"https:\/\/kleck.digital\/wp-content\/uploads\/2024\/08\/IA-V3.svg\" alt=\"\">\t\t\t\t\t\t\t\t\t\t\t\t\t\t\t<\/p>\n<h2>AI Ad Campaigns:<\/h2>\n<ul>\n<li>\n\t\t\t\t\t\t\t<svg xmlns=\"http:\/\/www.w3.org\/2000\/svg\" width=\"128\" height=\"128\" viewbox=\"0 0 24 24\"><g fill=\"none\" stroke=\"#004CBA\" stroke-linecap=\"round\" stroke-linejoin=\"round\" stroke-width=\"1.5\"><path d=\"M18.99 19H19m-.01 0c-.622.617-1.75.464-2.542.464c-.972 0-1.44.19-2.133.883C13.725 20.937 12.934 22 12 22s-1.725-1.063-2.315-1.653c-.694-.693-1.162-.883-2.133-.883c-.791 0-1.92.154-2.543-.464c-.627-.622-.473-1.756-.473-2.552c0-1.007-.22-1.47-.937-2.186C2.533 13.196 2 12.662 2 12s.533-1.196 1.6-2.262c.64-.64.936-1.274.936-2.186c0-.791-.154-1.92.464-2.543c.622-.627 1.756-.473 2.552-.473c.912 0 1.546-.297 2.186-.937C10.804 2.533 11.338 2 12 2s1.196.533 2.262 1.6c.64.64 1.274.936 2.186.936c.791 0 1.92-.154 2.543.464c.627.622.473 1.756.473 2.552c0 1.007.22 1.47.937 2.186C21.467 10.804 22 11.338 22 12s-.533 1.196-1.6 2.262c-.716.717-.936 1.18-.936 2.186c0 .796.154 1.93-.473 2.552\"><\/path><path d=\"M9 12.893s1.2.652 1.8 1.607c0 0 1.8-3.75 4.2-5\"><\/path><\/g><\/svg><br \/>\n\t\t\t\t\t\t\t\t\t\tAI-generated Smart Video and Image Ads\n\t\t\t\t\t\t\t\t\t<\/li>\n<li>\n\t\t\t\t\t\t\t<svg xmlns=\"http:\/\/www.w3.org\/2000\/svg\" width=\"128\" height=\"128\" viewbox=\"0 0 24 24\"><g fill=\"none\" stroke=\"#004CBA\" stroke-linecap=\"round\" stroke-linejoin=\"round\" stroke-width=\"1.5\"><path d=\"M18.99 19H19m-.01 0c-.622.617-1.75.464-2.542.464c-.972 0-1.44.19-2.133.883C13.725 20.937 12.934 22 12 22s-1.725-1.063-2.315-1.653c-.694-.693-1.162-.883-2.133-.883c-.791 0-1.92.154-2.543-.464c-.627-.622-.473-1.756-.473-2.552c0-1.007-.22-1.47-.937-2.186C2.533 13.196 2 12.662 2 12s.533-1.196 1.6-2.262c.64-.64.936-1.274.936-2.186c0-.791-.154-1.92.464-2.543c.622-.627 1.756-.473 2.552-.473c.912 0 1.546-.297 2.186-.937C10.804 2.533 11.338 2 12 2s1.196.533 2.262 1.6c.64.64 1.274.936 2.186.936c.791 0 1.92-.154 2.543.464c.627.622.473 1.756.473 2.552c0 1.007.22 1.47.937 2.186C21.467 10.804 22 11.338 22 12s-.533 1.196-1.6 2.262c-.716.717-.936 1.18-.936 2.186c0 .796.154 1.93-.473 2.552\"><\/path><path d=\"M9 12.893s1.2.652 1.8 1.607c0 0 1.8-3.75 4.2-5\"><\/path><\/g><\/svg><br \/>\n\t\t\t\t\t\t\t\t\t\tAI-optimized, self-manageable campaigns\n\t\t\t\t\t\t\t\t\t<\/li>\n<li>\n\t\t\t\t\t\t\t<svg xmlns=\"http:\/\/www.w3.org\/2000\/svg\" width=\"128\" height=\"128\" viewbox=\"0 0 24 24\"><g fill=\"none\" stroke=\"#004CBA\" stroke-linecap=\"round\" stroke-linejoin=\"round\" stroke-width=\"1.5\"><path d=\"M18.99 19H19m-.01 0c-.622.617-1.75.464-2.542.464c-.972 0-1.44.19-2.133.883C13.725 20.937 12.934 22 12 22s-1.725-1.063-2.315-1.653c-.694-.693-1.162-.883-2.133-.883c-.791 0-1.92.154-2.543-.464c-.627-.622-.473-1.756-.473-2.552c0-1.007-.22-1.47-.937-2.186C2.533 13.196 2 12.662 2 12s.533-1.196 1.6-2.262c.64-.64.936-1.274.936-2.186c0-.791-.154-1.92.464-2.543c.622-.627 1.756-.473 2.552-.473c.912 0 1.546-.297 2.186-.937C10.804 2.533 11.338 2 12 2s1.196.533 2.262 1.6c.64.64 1.274.936 2.186.936c.791 0 1.92-.154 2.543.464c.627.622.473 1.756.473 2.552c0 1.007.22 1.47.937 2.186C21.467 10.804 22 11.338 22 12s-.533 1.196-1.6 2.262c-.716.717-.936 1.18-.936 2.186c0 .796.154 1.93-.473 2.552\"><\/path><path d=\"M9 12.893s1.2.652 1.8 1.607c0 0 1.8-3.75 4.2-5\"><\/path><\/g><\/svg><br \/>\n\t\t\t\t\t\t\t\t\t\tAutomatic Strategies\n\t\t\t\t\t\t\t\t\t<\/li>\n<\/ul>\n<h2>Ready to discover all the features and benefits Kleck High Funnels has to offer?<\/h2>\n<p>Click the button below to visit our dedicated site and get all the information you need<\/p>\n<p>\t\t\t\t\t<a href=\"http:\/\/www.kleckhighfunnels.com\" target=\"_blank\" rel=\"noopener\"><br \/>\n\t\t\t\t\t\t\t\t\tExplore Kleck High Funnels<br \/>\n\t\t\t\t\t<\/a><\/p>\n<h2>CLIENTS WHO TRUST US<\/h2>\n<figure><img data-src=\"https:\/\/kleck.digital\/wp-content\/uploads\/2024\/03\/Az-Sportche.png\" alt=\"Az Sportche\" \/><\/figure>\n<figure><img data-src=\"https:\/\/kleck.digital\/wp-content\/uploads\/2024\/03\/Carnes-Anador.png\" alt=\"Carnes Anador\" \/><\/figure>\n<figure><img data-src=\"https:\/\/kleck.digital\/wp-content\/uploads\/2024\/03\/Duboorg.png\" alt=\"Duboorg\" \/><\/figure>\n<figure><img data-src=\"https:\/\/kleck.digital\/wp-content\/uploads\/2024\/03\/El-nuen-gusto.png\" alt=\"El nuen gusto\" \/><\/figure>\n<figure><img data-src=\"https:\/\/kleck.digital\/wp-content\/uploads\/2024\/03\/Faro-servicios.png\" alt=\"Faro servicios\" \/><\/figure>\n<figure><img data-src=\"https:\/\/kleck.digital\/wp-content\/uploads\/2024\/03\/Inmobillis.png\" alt=\"Inmobillis\" \/><\/figure>\n<figure><img data-src=\"https:\/\/kleck.digital\/wp-content\/uploads\/2024\/03\/Juana-la-loca.png\" alt=\"Juana la loca\" \/><\/figure>\n<figure><img data-src=\"https:\/\/kleck.digital\/wp-content\/uploads\/2024\/03\/Luanfer.png\" alt=\"Luanfer\" \/><\/figure>\n<figure><img data-src=\"https:\/\/kleck.digital\/wp-content\/uploads\/2024\/03\/Orinoco.png\" alt=\"Orinoco\" \/><\/figure>\n<p>\t\t\t\t\t<a href=\"https:\/\/kleck.digital\/en\/trabajos\/\"><br \/>\n\t\t\t\t\t\t\t\t\tGet to know them<br \/>\n\t\t\t\t\t<\/a><\/p>\n<h2>Shall we have a coffee?<br \/>\nWe want to know you.<\/h2>\n<p>Get to know our solutions<\/p>","protected":false},"excerpt":{"rendered":"<p>Desarrollamos soluciones digitales uniendo estrategia con imaginaci\u00f3n Transformaci\u00f3n digital para tu marca Conoc\u00e9 nuestras soluciones Creativity &amp; Branding Desarrollamos estrategias de generaci\u00f3n de contenido y email marketing para fortalecer el posicionamiento de las marcas en la esfera digital. Dise\u00f1amos e ideamos materiales que se adaptan a cualquier tipo de formato, desde animaciones en 3D hasta [&hellip;]<\/p>\n","protected":false},"author":2,"featured_media":0,"parent":0,"menu_order":0,"comment_status":"closed","ping_status":"closed","template":"elementor_header_footer","meta":{"footnotes":""},"class_list":["post-5672","page","type-page","status-publish","hentry"],"_links":{"self":[{"href":"https:\/\/kleck.digital\/en\/wp-json\/wp\/v2\/pages\/5672","targetHints":{"allow":["GET"]}}],"collection":[{"href":"https:\/\/kleck.digital\/en\/wp-json\/wp\/v2\/pages"}],"about":[{"href":"https:\/\/kleck.digital\/en\/wp-json\/wp\/v2\/types\/page"}],"author":[{"embeddable":true,"href":"https:\/\/kleck.digital\/en\/wp-json\/wp\/v2\/users\/2"}],"replies":[{"embeddable":true,"href":"https:\/\/kleck.digital\/en\/wp-json\/wp\/v2\/comments?post=5672"}],"version-history":[{"count":398,"href":"https:\/\/kleck.digital\/en\/wp-json\/wp\/v2\/pages\/5672\/revisions"}],"predecessor-version":[{"id":8348,"href":"https:\/\/kleck.digital\/en\/wp-json\/wp\/v2\/pages\/5672\/revisions\/8348"}],"wp:attachment":[{"href":"https:\/\/kleck.digital\/en\/wp-json\/wp\/v2\/media?parent=5672"}],"curies":[{"name":"wp","href":"https:\/\/api.w.org\/{rel}","templated":true}]}}