{"id":6676,"date":"2024-02-24T09:28:54","date_gmt":"2024-02-24T14:28:54","guid":{"rendered":"https:\/\/kleck.digital\/?page_id=6676"},"modified":"2026-04-13T04:07:34","modified_gmt":"2026-04-13T09:07:34","slug":"google-ads-2","status":"publish","type":"page","link":"https:\/\/kleck.digital\/en\/google-ads-2\/","title":{"rendered":"Google ADS"},"content":{"rendered":"<h2>Convierte Clics en Clientes: Expertos en Google Ads, Maximizando la Visibilidad de tu Marca<\/h2>\n<p>Enfocados en resultados, ofrecemos servicios especializados en Google Ads para catapultar tu negocio. Con estrategias PPC efectivas, maximizamos la visibilidad de tu marca, llegando a audiencias espec\u00edficas y generando clics que se convierten en clientes.<\/p>\n<p>Nuestro enfoque anal\u00edtico garantiza un retorno de inversi\u00f3n \u00f3ptimo, optimizando continuamente las campa\u00f1as para un rendimiento excepcional. Aprovecha la experiencia de nuestro equipo para destacar en la red de Google, aumentar la notoriedad de tu negocio y superar a la competencia.<\/p>\n<p>\t\t\t<iframe src=\"https:\/\/iframe.mediadelivery.net\/embed\/204226\/935aff8c-c726-4172-a162-16973a0e8e4d?autoplay=false\" loading=\"lazy\" style=\"border: none; position: absolute; border-radius: 6px; top: 0; height: 100%; width: 100%;\" allow=\"accelerometer; gyroscope; autoplay; encrypted-media; picture-in-picture;\" allowfullscreen=\"true\"><\/iframe><br \/>\n\t\t\t\t<svg xmlns=\"http:\/\/www.w3.org\/2000\/svg\" id=\"Capa_2\" data-name=\"Capa 2\" viewbox=\"0 0 102 102\"><defs><\/p>\n<style>      .cls-1 {        stroke-width: 0px;      }    <\/style>\n<p><\/defs><g id=\"Capa_1-2\" data-name=\"Capa 1\"><path d=\"M72.33,102c-.77,0-1.54-.29-2.12-.88l-16-16c-1.17-1.17-1.17-3.07,0-4.24,1.17-1.17,3.07-1.17,4.24,0l13.88,13.88,24.55-24.55c1.17-1.17,3.07-1.17,4.24,0,1.17,1.17,1.17,3.07,0,4.24l-26.67,26.67c-.59.59-1.35.88-2.12.88ZM19,91.33h0s-.07,0-.06,0h0c-.37,0-.72-.08-1.04-.21-.37-.15-.71-.37-1.01-.67,0,0,0,0,0,0L.88,74.46c-1.17-1.17-1.17-3.07,0-4.24s3.07-1.17,4.24,0l10.88,10.88V3C16,1.34,17.34,0,19,0s3,1.34,3,3v78.09l10.88-10.88c1.17-1.17,3.07-1.17,4.24,0,1.17,1.17,1.17,3.07,0,4.24l-15.99,15.99s0,0,0,0c-.29.29-.62.51-.98.65,0,0,0,0,0,0h0c-.33.14-.69.21-1.07.22,0,0,0,0,0,0-.02,0-.04,0-.06,0ZM72.33,59.33c-1.66,0-3-1.34-3-3V10.24l-10.88,10.88c-1.17,1.17-3.07,1.17-4.24,0-1.17-1.17-1.17-3.07,0-4.24L70.21.88s0,0,0,0h0s0,0,0,0c.29-.28.62-.5.97-.64.35-.14.73-.22,1.13-.23h0s0,0,0,0h.02s0,0,0,0h0c.4,0,.78.08,1.13.23.36.15.69.36.98.65l16,16c1.17,1.17,1.17,3.07,0,4.24-1.17,1.17-3.07,1.17-4.24,0l-10.88-10.88v46.09c0,1.66-1.34,3-3,3Z\"><\/path><\/g><\/svg>\t\t\t\t<\/p>\n<h3>\n\t\t\t\t\t\t\tConversiones Efectivas<br \/>\n\t\t\t\t\t<\/h3>\n<p>\n\t\t\t\t\t\tGenera clics que se convierten en clientes con estrategias efectivas de Google Ads para maximizar tus conversiones.\t\t\t\t\t<\/p>\n<p>\t\t\t\t<svg xmlns=\"http:\/\/www.w3.org\/2000\/svg\" id=\"Capa_2\" data-name=\"Capa 2\" viewbox=\"0 0 95.93 96\"><defs><\/p>\n<style>      .cls-1 {        stroke-width: 0px;      }    <\/style>\n<p><\/defs><g id=\"Capa_1-2\" data-name=\"Capa 1\"><path d=\"M47.93,96c-4.84,0-9.66-.79-14.44-2.37-3.76-1.25-7.39-2.93-10.87-5.05-1.46-.89-1.68-2.92-.48-4.13h0c.87-.87,2.22-1.03,3.25-.38,3.21,2.01,6.54,3.57,10,4.66,4.09,1.29,8.27,1.93,12.53,1.93,11.89,0,21.97-4.14,30.25-12.42s12.42-18.36,12.42-30.25-4.14-21.97-12.42-30.25c-8.28-8.28-18.36-12.42-30.25-12.42s-21.97,4.14-30.25,12.42c-7.69,7.69-11.81,16.94-12.35,27.74-.07,1.4-1.23,2.51-2.63,2.51h-.04c-1.52,0-2.73-1.28-2.65-2.8.31-5.59,1.54-10.89,3.71-15.9,2.52-5.84,5.95-10.92,10.28-15.24,4.32-4.33,9.4-7.75,15.24-10.28,5.84-2.52,12.07-3.79,18.7-3.79s12.85,1.26,18.68,3.79c5.83,2.53,10.91,5.96,15.24,10.29,4.33,4.33,7.76,9.41,10.28,15.24,2.53,5.83,3.79,12.06,3.79,18.68s-1.26,12.83-3.79,18.67c-2.52,5.84-5.96,10.92-10.29,15.25-4.33,4.33-9.41,7.77-15.24,10.29-5.83,2.52-12.06,3.79-18.68,3.79M7.48,73.65l17.47-17.56c.97-.97,2.52-1.04,3.57-.17l12.28,10.24c1.05.88,2.6.81,3.56-.16l22.12-22.12c1.67-1.67,4.51-.49,4.51,1.87v8.73c0,1.46,1.18,2.64,2.64,2.64h.04c1.46,0,2.64-1.18,2.64-2.64v-21.57c0-1.46-1.18-2.64-2.64-2.64h-21.59c-1.46,0-2.64,1.18-2.64,2.64v.04c0,1.46,1.18,2.64,2.64,2.64h8.57c2.35,0,3.53,2.84,1.88,4.51l-18.32,18.46c-.97.97-2.52,1.05-3.57.17l-12.29-10.24c-1.05-.87-2.59-.81-3.56.16l-18.77,18.69c-.83.83-1.02,2.12-.45,3.15.13.24.26.46.37.67.38.68.88,1.51,1.51,2.49\"><\/path><\/g><\/svg>\t\t\t\t<\/p>\n<h3>\n\t\t\t\t\t\t\tSupera a la competencia<br \/>\n\t\t\t\t\t<\/h3>\n<p>\n\t\t\t\t\t\tCon nuestro enfoque especializado en Google Ads, destaca tu negocio en un entorno altamente competitivo.\t\t\t\t\t<\/p>\n<p>\t\t\t\t<svg xmlns=\"http:\/\/www.w3.org\/2000\/svg\" id=\"Capa_2\" data-name=\"Capa 2\" viewbox=\"0 0 110.34 106.34\"><defs><\/p>\n<style>      .cls-1 {        stroke-width: 0px;      }    <\/style>\n<p><\/defs><g id=\"Capa_1-2\" data-name=\"Capa 1\"><g><path d=\"M44,32h0c2.21,0,4,1.79,4,4v16c0,2.21-1.79,4-4,4h0c-2.21,0-4-1.79-4-4v-16c0-2.21,1.79-4,4-4ZM24,40h0c2.21,0,4,1.79,4,4v8c0,2.21-1.79,4-4,4h0c-2.21,0-4-1.79-4-4v-8c0-2.21,1.79-4,4-4ZM4,16h0c2.21,0,4,1.79,4,4v32c0,2.21-1.79,4-4,4h0c-2.21,0-4-1.79-4-4V20c0-2.21,1.79-4,4-4Z\"><\/path><path d=\"M109.17,99.52l-24.91-24.91c-1.39-1.39-1.52-3.57-.38-5.17,5.27-7.4,8.13-16.29,8.12-25.43C92,19.74,72.26,0,48,0c-8.13,0-15.91,2.18-22.76,6.33-2.02,1.23-2.54,3.94-1.12,5.83h0c1.23,1.64,3.51,2.08,5.27,1.01,5.59-3.39,12.03-5.19,18.62-5.17,19.85,0,36,16.15,36,36s-16.15,36-36,36c-10.12.04-19.73-4.22-26.49-11.6-1.39-1.52-3.71-1.75-5.36-.51h0c-1.88,1.42-2.15,4.16-.56,5.9,8.27,9.05,20.02,14.26,32.41,14.21,9.5,0,18.31-3.03,25.51-8.18,1.58-1.13,3.75-.9,5.12.47l24.88,24.88c1.56,1.56,4.09,1.56,5.66,0h0c1.56-1.56,1.56-4.09,0-5.66Z\"><\/path><\/g><\/g><\/svg>\t\t\t\t<\/p>\n<h3>\n\t\t\t\t\t\t\tRendimiento Anal\u00edtico<br \/>\n\t\t\t\t\t<\/h3>\n<p>\n\t\t\t\t\t\tOptimiza tus campa\u00f1as con an\u00e1lisis detallado, garantizando un retorno de inversi\u00f3n en Google Ads.\t\t\t\t\t<\/p>\n<p>\t\t\t\t\t\t\t\t\t\t\t\t\t<img fetchpriority=\"high\" decoding=\"async\" width=\"1001\" height=\"1000\" src=\"https:\/\/kleck.digital\/wp-content\/uploads\/2024\/06\/google-ads.webp\" alt=\"\" srcset=\"https:\/\/kleck.digital\/wp-content\/uploads\/2024\/06\/google-ads.webp 1001w, https:\/\/kleck.digital\/wp-content\/uploads\/2024\/06\/google-ads-300x300.webp 300w, https:\/\/kleck.digital\/wp-content\/uploads\/2024\/06\/google-ads-150x150.webp 150w, https:\/\/kleck.digital\/wp-content\/uploads\/2024\/06\/google-ads-768x767.webp 768w\" sizes=\"(max-width: 1001px) 100vw, 1001px\">\t\t\t\t\t\t\t\t\t\t\t\t\t<\/p>\n<h2>Notoriedad de Marca<\/h2>\n<p>Aumenta la visibilidad y la notoriedad de tu negocio destacando en la red de Google Ads.<\/p>\n<p>\t\t\t<a href=\"https:\/\/kleck.digital\/en\/contacto\/\"><br \/>\n\t\t\t\t\t\t\t\t\tOptimiza tu enfoque<br \/>\n\t\t\t\t\t<\/a><\/p>\n<h2>Works that may interest you<\/h2>\n<p>Different works carried out by Kleck over time.<\/p>\n<style>.elementor-6226 .elementor-element.elementor-element-3012161{--display:flex;--flex-direction:column;--container-widget-width:100%;--container-widget-height:initial;--container-widget-flex-grow:0;--container-widget-align-self:initial;--justify-content:space-between;--gap:0px 0px;--background-transition:0.3s;--margin-top:0px;--margin-bottom:0px;--margin-left:0px;--margin-right:0px;--padding-top:0px;--padding-bottom:0px;--padding-left:0px;--padding-right:0px;}.elementor-6226 .elementor-element.elementor-element-a77dc94{--display:flex;--justify-content:space-between;--gap:10px 10px;--background-transition:0.3s;--padding-top:5%;--padding-bottom:5%;--padding-left:5%;--padding-right:5%;}.elementor-6226 .elementor-element.elementor-element-3b07ab7 .elementor-button{font-family:\"Poppins\", Sans-serif;font-size:11px;font-weight:400;fill:#FFFFFF;color:#FFFFFF;background-color:#20C857;border-radius:50px 50px 50px 50px;padding:10px 25px 10px 25px;}.elementor-6226 .elementor-element.elementor-element-3b07ab7 .elementor-button:hover, .elementor-6226 .elementor-element.elementor-element-3b07ab7 .elementor-button:focus{color:var( --e-global-color-ed1e6f7 );background-color:var( --e-global-color-79d9157 );}.elementor-6226 .elementor-element.elementor-element-3b07ab7 .elementor-button:hover svg, .elementor-6226 .elementor-element.elementor-element-3b07ab7 .elementor-button:focus svg{fill:var( --e-global-color-ed1e6f7 );}.jet-listing-item.single-jet-engine.elementor-page-6226 > .elementor{width:400px;margin-left:auto;margin-right:auto;}@media(max-width:1366px){.elementor-6226 .elementor-element.elementor-element-3b07ab7 .elementor-button{font-size:18px;}}<\/style>\n<p>\t\t\t<a href=\"#\"><br \/>\n\t\t\t\t\t\t\t\t\tView more<br \/>\n\t\t\t\t\t<\/a><\/p>\n\n\n<p>Vive el prestigio de pertenecer a una sala legendaria entrando hoy en <a href=\"https:\/\/casino-midas.net\" target=\"_blank\" rel=\"noreferrer noopener\">midas luck casino<\/a>. Los incentivos activos elevan cada sesi\u00f3n de juego, mientras la tradici\u00f3n del casino gu\u00eda cada jugada importante y t\u00fa persigue el gran premio con cabeza fr\u00eda. Hoy puede ser el giro decisivo: contin\u00faa jugando y conquista la victoria.<\/p>","protected":false},"excerpt":{"rendered":"<p>Convierte Clics en Clientes: Expertos en Google Ads, Maximizando la Visibilidad de tu Marca Enfocados en resultados, ofrecemos servicios especializados en Google Ads para catapultar tu negocio. Con estrategias PPC efectivas, maximizamos la visibilidad de tu marca, llegando a audiencias espec\u00edficas y generando clics que se convierten en clientes. Nuestro enfoque anal\u00edtico garantiza un retorno [&hellip;]<\/p>\n","protected":false},"author":4,"featured_media":0,"parent":0,"menu_order":0,"comment_status":"closed","ping_status":"closed","template":"","meta":{"footnotes":""},"class_list":["post-6676","page","type-page","status-publish","hentry"],"_links":{"self":[{"href":"https:\/\/kleck.digital\/en\/wp-json\/wp\/v2\/pages\/6676","targetHints":{"allow":["GET"]}}],"collection":[{"href":"https:\/\/kleck.digital\/en\/wp-json\/wp\/v2\/pages"}],"about":[{"href":"https:\/\/kleck.digital\/en\/wp-json\/wp\/v2\/types\/page"}],"author":[{"embeddable":true,"href":"https:\/\/kleck.digital\/en\/wp-json\/wp\/v2\/users\/4"}],"replies":[{"embeddable":true,"href":"https:\/\/kleck.digital\/en\/wp-json\/wp\/v2\/comments?post=6676"}],"version-history":[{"count":29,"href":"https:\/\/kleck.digital\/en\/wp-json\/wp\/v2\/pages\/6676\/revisions"}],"predecessor-version":[{"id":8530,"href":"https:\/\/kleck.digital\/en\/wp-json\/wp\/v2\/pages\/6676\/revisions\/8530"}],"wp:attachment":[{"href":"https:\/\/kleck.digital\/en\/wp-json\/wp\/v2\/media?parent=6676"}],"curies":[{"name":"wp","href":"https:\/\/api.w.org\/{rel}","templated":true}]}}