{"id":7027,"date":"2024-03-25T21:11:02","date_gmt":"2024-03-26T02:11:02","guid":{"rendered":"https:\/\/kleck.digital\/?page_id=7027"},"modified":"2026-04-13T04:05:02","modified_gmt":"2026-04-13T09:05:02","slug":"brand-image","status":"publish","type":"page","link":"https:\/\/kleck.digital\/en\/brand-image\/","title":{"rendered":"Brand image"},"content":{"rendered":"<p><\/p>\n\n\n<h2><br \/><br \/>Forging Identity: Creating Impact through a Powerful Visual Identity.<\/h2>\n<p>In the competitive business landscape, branding is more than a logo; it is the essence that defines your identity. In our strategic approach, we work tirelessly to build and consolidate your brand image. From logo design to consistency in communication, every detail contributes to the unique narrative that captivates your audience.<br \/><iframe style=\"border: none; position: absolute; border-radius: 6px; top: 0; height: 100%; width: 100%;\" src=\"https:\/\/iframe.mediadelivery.net\/embed\/204226\/2272d355-8d5a-4f16-9308-b7423cdfe081?autoplay=false\" allowfullscreen=\"allowfullscreen\"><\/iframe><\/p>\n<p><style>      .cls-1 {        fill: #004cba;        stroke-width: 0px;      }    <\/style><\/p>\n<p>\u00a0<\/p>\n<h3>Strategic Analysis<\/h3>\n<p>We perform an analysis of your brand, values, and target audience to design a visual identity that aligns perfectly with your vision.<\/p>\n<p>\u00a0<\/p>\n<p><style>      .cls-1 {        fill: #004cba;        stroke-width: 0px;      }    <\/style><\/p>\n<p>\u00a0<\/p>\n<h3>Consistency in Communication<\/h3>\n<p>We establish clear guidelines to ensure visual consistency at all points of contact.<\/p>\n<p>\u00a0<\/p>\n<p><style>      .cls-1 {        fill: #004cba;        stroke-width: 0px;      }    <\/style><\/p>\n<p>\u00a0<\/p>\n<h3>Adaptability and Scalability<\/h3>\n<p>We design your visual identity with the future in mind.<\/p>\n<p><img fetchpriority=\"high\" decoding=\"async\" src=\"https:\/\/kleck.digital\/wp-content\/uploads\/2024\/06\/Brand-Image.webp\" sizes=\"(max-width: 1001px) 100vw, 1001px\" srcset=\"https:\/\/kleck.digital\/wp-content\/uploads\/2024\/06\/Brand-Image.webp 1001w, https:\/\/kleck.digital\/wp-content\/uploads\/2024\/06\/Brand-Image-300x300.webp 300w, https:\/\/kleck.digital\/wp-content\/uploads\/2024\/06\/Brand-Image-150x150.webp 150w, https:\/\/kleck.digital\/wp-content\/uploads\/2024\/06\/Brand-Image-768x767.webp 768w\" alt=\"\" width=\"1001\" height=\"1000\"><\/p>\n<h2>Customized design<\/h2>\n<p>Every element of your visual identity is custom-created. From logo design to color palette and typography, we ensure that every detail reflects your brand's uniqueness and differentiates it in the marketplace.<br \/><a href=\"https:\/\/kleck.digital\/en\/contacto\/\"><br \/>Contact us<br \/><\/a><\/p>\n<h2>You may also be interested in. . .<\/h2>\n<p>Different works carried out by Kleck over time<\/p>\n<p><style>.elementor-6226 .elementor-element.elementor-element-3012161{--display:flex;--flex-direction:column;--container-widget-width:100%;--container-widget-height:initial;--container-widget-flex-grow:0;--container-widget-align-self:initial;--justify-content:space-between;--gap:0px 0px;--background-transition:0.3s;--margin-top:0px;--margin-bottom:0px;--margin-left:0px;--margin-right:0px;--padding-top:0px;--padding-bottom:0px;--padding-left:0px;--padding-right:0px;}.elementor-6226 .elementor-element.elementor-element-a77dc94{--display:flex;--justify-content:space-between;--gap:10px 10px;--background-transition:0.3s;--padding-top:5%;--padding-bottom:5%;--padding-left:5%;--padding-right:5%;}.elementor-6226 .elementor-element.elementor-element-3b07ab7 .elementor-button{font-family:\"Poppins\", Sans-serif;font-size:11px;font-weight:400;fill:#FFFFFF;color:#FFFFFF;background-color:#20C857;border-radius:50px 50px 50px 50px;padding:10px 25px 10px 25px;}.elementor-6226 .elementor-element.elementor-element-3b07ab7 .elementor-button:hover, .elementor-6226 .elementor-element.elementor-element-3b07ab7 .elementor-button:focus{color:var( --e-global-color-ed1e6f7 );background-color:var( --e-global-color-79d9157 );}.elementor-6226 .elementor-element.elementor-element-3b07ab7 .elementor-button:hover svg, .elementor-6226 .elementor-element.elementor-element-3b07ab7 .elementor-button:focus svg{fill:var( --e-global-color-ed1e6f7 );}.jet-listing-item.single-jet-engine.elementor-page-6226 > .elementor{width:400px;margin-left:auto;margin-right:auto;}@media(max-width:1366px){.elementor-6226 .elementor-element.elementor-element-3b07ab7 .elementor-button{font-size:18px;}}<\/style><\/p>\n<p><a href=\"#\"><br \/>View more<br \/><\/a><\/p>\n<p><style>.elementor-6226 .elementor-element.elementor-element-3012161{--display:flex;--flex-direction:column;--container-widget-width:100%;--container-widget-height:initial;--container-widget-flex-grow:0;--container-widget-align-self:initial;--justify-content:space-between;--gap:0px 0px;--background-transition:0.3s;--margin-top:0px;--margin-bottom:0px;--margin-left:0px;--margin-right:0px;--padding-top:0px;--padding-bottom:0px;--padding-left:0px;--padding-right:0px;}.elementor-6226 .elementor-element.elementor-element-a77dc94{--display:flex;--justify-content:space-between;--gap:10px 10px;--background-transition:0.3s;--padding-top:5%;--padding-bottom:5%;--padding-left:5%;--padding-right:5%;}.elementor-6226 .elementor-element.elementor-element-3b07ab7 .elementor-button{font-family:\"Poppins\", Sans-serif;font-size:11px;font-weight:400;fill:#FFFFFF;color:#FFFFFF;background-color:#20C857;border-radius:50px 50px 50px 50px;padding:10px 25px 10px 25px;}.elementor-6226 .elementor-element.elementor-element-3b07ab7 .elementor-button:hover, .elementor-6226 .elementor-element.elementor-element-3b07ab7 .elementor-button:focus{color:var( --e-global-color-ed1e6f7 );background-color:var( --e-global-color-79d9157 );}.elementor-6226 .elementor-element.elementor-element-3b07ab7 .elementor-button:hover svg, .elementor-6226 .elementor-element.elementor-element-3b07ab7 .elementor-button:focus svg{fill:var( --e-global-color-ed1e6f7 );}.jet-listing-item.single-jet-engine.elementor-page-6226 > .elementor{width:400px;margin-left:auto;margin-right:auto;}@media(max-width:1366px){.elementor-6226 .elementor-element.elementor-element-3b07ab7 .elementor-button{font-size:18px;}}<\/style><\/p>\n<p><a href=\"#\"><br \/>View more<br \/><\/a><\/p>\n<p><style>.elementor-6226 .elementor-element.elementor-element-3012161{--display:flex;--flex-direction:column;--container-widget-width:100%;--container-widget-height:initial;--container-widget-flex-grow:0;--container-widget-align-self:initial;--justify-content:space-between;--gap:0px 0px;--background-transition:0.3s;--margin-top:0px;--margin-bottom:0px;--margin-left:0px;--margin-right:0px;--padding-top:0px;--padding-bottom:0px;--padding-left:0px;--padding-right:0px;}.elementor-6226 .elementor-element.elementor-element-a77dc94{--display:flex;--justify-content:space-between;--gap:10px 10px;--background-transition:0.3s;--padding-top:5%;--padding-bottom:5%;--padding-left:5%;--padding-right:5%;}.elementor-6226 .elementor-element.elementor-element-3b07ab7 .elementor-button{font-family:\"Poppins\", Sans-serif;font-size:11px;font-weight:400;fill:#FFFFFF;color:#FFFFFF;background-color:#20C857;border-radius:50px 50px 50px 50px;padding:10px 25px 10px 25px;}.elementor-6226 .elementor-element.elementor-element-3b07ab7 .elementor-button:hover, .elementor-6226 .elementor-element.elementor-element-3b07ab7 .elementor-button:focus{color:var( --e-global-color-ed1e6f7 );background-color:var( --e-global-color-79d9157 );}.elementor-6226 .elementor-element.elementor-element-3b07ab7 .elementor-button:hover svg, .elementor-6226 .elementor-element.elementor-element-3b07ab7 .elementor-button:focus svg{fill:var( --e-global-color-ed1e6f7 );}.jet-listing-item.single-jet-engine.elementor-page-6226 > .elementor{width:400px;margin-left:auto;margin-right:auto;}@media(max-width:1366px){.elementor-6226 .elementor-element.elementor-element-3b07ab7 .elementor-button{font-size:18px;}}<\/style><\/p>\n<p><a href=\"#\"><br \/>View more<br \/><\/a><\/p>\n\n\n<p>Entra a un escenario donde cada giro puede cambiarlo todo en <a href=\"https:\/\/gratogana-casino.app\/\" target=\"_blank\" rel=\"noreferrer noopener\">https:\/\/gratogana-casino.app<\/a>. Ofrecemos bonificaciones dise\u00f1adas para ampliar tu margen, mientras el prestigio de la sala acompa\u00f1a tu estrategia y t\u00fa juega con mentalidad de millonario. Tu lugar en el podio ya est\u00e1 listo, entra ahora y reclama tu premio millonario.<\/p>","protected":false},"excerpt":{"rendered":"<p>Forjando Identidad: Creando Impacto a trav\u00e9s de una Identidad Visual Poderosa En el competitivo paisaje empresarial, la imagen de marca es m\u00e1s que un logotipo; es la esencia que define tu identidad. En nuestro enfoque estrat\u00e9gico, trabajamos incansablemente para construir y consolidar la imagen de tu marca. Desde el dise\u00f1o del logo hasta la coherencia [&hellip;]<\/p>\n","protected":false},"author":4,"featured_media":0,"parent":0,"menu_order":0,"comment_status":"closed","ping_status":"closed","template":"","meta":{"footnotes":""},"class_list":["post-7027","page","type-page","status-publish","hentry"],"_links":{"self":[{"href":"https:\/\/kleck.digital\/en\/wp-json\/wp\/v2\/pages\/7027","targetHints":{"allow":["GET"]}}],"collection":[{"href":"https:\/\/kleck.digital\/en\/wp-json\/wp\/v2\/pages"}],"about":[{"href":"https:\/\/kleck.digital\/en\/wp-json\/wp\/v2\/types\/page"}],"author":[{"embeddable":true,"href":"https:\/\/kleck.digital\/en\/wp-json\/wp\/v2\/users\/4"}],"replies":[{"embeddable":true,"href":"https:\/\/kleck.digital\/en\/wp-json\/wp\/v2\/comments?post=7027"}],"version-history":[{"count":45,"href":"https:\/\/kleck.digital\/en\/wp-json\/wp\/v2\/pages\/7027\/revisions"}],"predecessor-version":[{"id":8524,"href":"https:\/\/kleck.digital\/en\/wp-json\/wp\/v2\/pages\/7027\/revisions\/8524"}],"wp:attachment":[{"href":"https:\/\/kleck.digital\/en\/wp-json\/wp\/v2\/media?parent=7027"}],"curies":[{"name":"wp","href":"https:\/\/api.w.org\/{rel}","templated":true}]}}