{"id":7036,"date":"2024-03-25T21:17:45","date_gmt":"2024-03-26T02:17:45","guid":{"rendered":"https:\/\/kleck.digital\/?page_id=7036"},"modified":"2026-04-13T04:07:07","modified_gmt":"2026-04-13T09:07:07","slug":"drone-wing-solutions","status":"publish","type":"page","link":"https:\/\/kleck.digital\/en\/drone-wing-solutions\/","title":{"rendered":"Drone wing solutions"},"content":{"rendered":"<h2>Explore New Horizons: Advanced Solutions with Our Drone Service<\/h2>\n<p>\t\tWe take drone technology to new heights. Our service offers advanced solutions for a variety of applications, such as aerial photography and filming. We elevate efficiency and accuracy in every project, offering unique perspectives and detailed data. With cutting-edge technology and specialized equipment, we are ready to take your ideas to new horizons, literally.<br \/>\n\t\t\t<iframe src=\"https:\/\/iframe.mediadelivery.net\/embed\/204226\/cab6eb40-e9b3-441b-b200-8a10d721d571?autoplay=false\" loading=\"lazy\" style=\"border: none; position: absolute; border-radius: 6px; top: 0; height: 100%; width: 100%;\" allow=\"accelerometer; gyroscope; autoplay; encrypted-media; picture-in-picture;\" allowfullscreen=\"true\"><\/iframe><br \/>\n\t\t\t\t<svg xmlns=\"http:\/\/www.w3.org\/2000\/svg\" id=\"Capa_2\" data-name=\"Capa 2\" viewbox=\"0 0 383.23 317.33\"><defs><\/p>\n<style>      .cls-1 {        fill: #004cba;        stroke-width: 0px;      }    <\/style>\n<p><\/defs><g id=\"Capa_1-2\" data-name=\"Capa 1\"><g><path d=\"M0,47.1c2.46-4.05,6.13-5.15,10.73-5.12,20.2.15,40.41.06,60.62.07,1.24,0,2.51-.03,3.73.15,4.39.64,6.99,3.77,6.72,7.97-.26,3.96-3.14,6.73-7.47,6.8-7.11.12-14.22.04-21.33.05-1.34,0-2.68,0-4.25,0v10.09c8.26.76,12.53,6,14.99,13.22,2,5.89,3.87,11.83,6.01,17.68.41,1.12,1.79,2.65,2.75,2.68,9.08.2,18.17.12,27.89.12,0-2.78-.01-5.34,0-7.89.08-15.35,10.3-25.6,25.57-25.62,19.2-.02,38.41,0,57.85,0,.99-4.22,3.08-7.4,7.88-7.45,3.81-.04,5.9,1.97,7.84,7.45,19,0,38.08-.01,57.15.02,2.11,0,4.27,0,6.32.41,11.52,2.26,19.42,11.66,19.82,23.48.1,3.08.02,6.16.02,9.61,9.67,0,18.87.07,28.06-.11.89-.02,2.17-1.44,2.54-2.47,2.19-6.09,4.06-12.29,6.23-18.39,2.46-6.92,6.68-11.96,14.82-12.67v-10.14c-4.85,0-9.67,0-14.49,0-3.74,0-7.49.08-11.22-.05-4.27-.15-7.14-2.97-7.34-6.94-.2-4.04,2.31-7.1,6.5-7.78,1.22-.2,2.48-.19,3.73-.19,20.46-.01,40.91-.01,61.37,0,1.36,0,2.76.03,4.09.3,3.87.79,6.37,4.06,6.08,7.8-.29,3.8-3.13,6.7-7.15,6.79-7.36.15-14.72.07-22.08.08-1.23,0-2.46,0-3.98,0v9.85c2.02.44,4.12.69,6.07,1.37,6.22,2.15,10.34,7.82,10.43,14.97.16,13.97.32,27.95-.04,41.91-.36,14.18-10.67,23.89-24.86,23.95-16.59.08-33.18.08-49.77-.04-2.62-.02-4.02.78-5.1,3.16-2.21,4.87-4.73,9.61-7.12,14.4-4.96,9.89-11.63,17.25-24.03,15.95,8.68,33.51.48,61.22-29.03,79.81-24.31,15.31-50.06,14.33-73.44-2.33-26.75-19.06-33.81-45.79-25.39-77.46-1.71,0-3.43.14-5.12-.02-6.85-.66-12.02-4.28-15.39-10.02-3.9-6.65-7.33-13.58-10.77-20.49-1.09-2.19-2.32-3.02-4.83-3-16.34.13-32.68.09-49.02.06-15.81-.03-25.84-10.09-25.9-26.01-.04-12.22-.01-24.45,0-36.67,0-12.26,4.43-17.5,16.65-19.47v-9.92c-1.66,0-3.33,0-5,0-6.24,0-12.48-.19-18.71.06-4.53.18-7.73-1.35-9.62-5.49v-4.49ZM31.65,115.78c0,2.55,0,4.64,0,6.73.04,8.34,3.25,11.6,11.49,11.61,18.09.01,36.17.06,54.26-.03,4.63-.02,7.77,1.64,9.76,5.98,2.75,6,6.27,11.67,8.73,17.77,3.07,7.62,7.83,11.32,16.31,9.94,2.37-.39,3.96-.87,5.52-2.83,17.15-21.64,39.41-30.57,66.69-25.85,16.1,2.79,29.39,10.95,39.42,23.8,3,3.84,6.06,4.69,10.55,4.94,5.84.32,9.03-2.07,11.36-6.99,3.36-7.09,7.1-14,10.49-21.07,1.91-3.99,4.85-5.74,9.19-5.67,5.61.1,11.23.02,16.84.02,13.1,0,26.19.03,39.29-.02,4.76-.02,8.47-2.12,9.28-6.02.81-3.9.66-8,.95-12.3h-5.29c-39.17,0-78.33,0-117.5-.01-1.74,0-3.71.27-5.15-.43-1.99-.97-4.23-2.41-5.21-4.26-2.62-4.93,1.22-10.19,7.29-10.24,12.6-.09,25.2-.02,37.79-.04,1.32,0,2.64-.11,4.18-.18,0-2.65.01-4.88,0-7.12-.04-7.77-3.46-11.24-11.12-11.24-20.46-.01-40.91,0-61.37,0-23.2,0-46.4-.01-69.6,0-5.7,0-9.55,2.78-10.19,7.82-.43,3.39-.08,6.88-.08,10.73,1.63,0,2.97,0,4.32,0,12.6,0,25.2-.04,37.79.04,4.5.03,7.53,2.9,7.75,6.97.22,4.01-2.62,7.24-6.97,7.82-1.35.18-2.74.13-4.11.13-39.29,0-78.58,0-117.87,0h-4.79ZM228.54,212.71c-5.31,17.74-16.6,28.97-35.5,29.57-20.3.64-32.54-10.73-38.36-29.5h-14.58c2.19,21.77,22.98,45.55,53.1,44.65,30.59-.92,48.48-26.06,49.89-44.71h-14.55ZM243.18,197.46c-2.44-22.01-23-45.82-53.93-44.71-24.72.88-48.85,22.93-49.02,44.69h14.52c5.2-17.67,16.53-28.78,35.14-29.51,20.37-.8,32.83,10.54,38.68,29.53h14.61ZM191.53,227.52c12.36.03,22.45-9.93,22.54-22.23.09-12.45-10.11-22.7-22.54-22.65-12.28.05-22.35,10.17-22.34,22.47,0,12.34,10.02,22.38,22.35,22.41ZM351.37,82.26c-5.19,0-9.9-.08-14.61.07-.87.03-2.21.8-2.49,1.55-2.02,5.42-3.83,10.92-5.77,16.59h22.87v-18.21ZM31.92,100.49h22.82c-1.87-5.54-3.54-10.72-5.41-15.82-.35-.96-1.51-2.26-2.34-2.3-4.93-.22-9.87-.11-15.06-.11v18.22Z\"><\/path><path d=\"M234.34,33.55c-2.95-1.98-5.31-3.25-7.29-4.95-16.58-14.2-35.21-17.67-55.39-9.59-6.19,2.48-11.51,7.24-17.04,11.21-2.56,1.84-5.38,3.05-7.92,1.47-2.06-1.28-4.02-3.83-4.54-6.15-.41-1.85.88-4.7,2.34-6.25,24.12-25.72,70.28-25.67,94.38-.08,2.38,2.53,3.53,5.57,1.84,8.5-1.27,2.2-3.87,3.64-6.36,5.85Z\"><\/path><path d=\"M220.17,44.57c.06,4.54-1.42,6.89-4.25,8.21-2.99,1.4-5.89.87-8.3-1.37-4.37-4.05-9.38-6.45-15.41-6.59-6.01-.14-11.19,1.88-15.7,5.81-4.2,3.67-8.46,3.79-11.55.42-3.09-3.36-2.4-7.89,1.78-11.7,14.07-12.85,36.53-12.68,50.26.51,1.6,1.53,2.54,3.74,3.17,4.7Z\"><\/path><path d=\"M243.44,304.05c-2.02-1.58-4.54-2.82-5.97-4.82-2.72-3.83-4.89-8.06-7.14-12.2-2.28-4.2-1.15-8.54,2.6-10.63,3.64-2.03,7.82-.86,10.24,3.09,2.59,4.24,5.16,8.5,7.4,12.92,2.62,5.17-.9,10.82-7.13,11.65Z\"><\/path><path d=\"M139.59,303.83c-5.67-.58-9.47-5.86-7.15-10.67,2.47-5.13,5.41-10.06,8.51-14.84,2.03-3.13,6.14-3.71,9.33-1.96,3.29,1.81,4.97,5.84,3.25,9.24-2.57,5.08-5.39,10.08-8.56,14.8-1.08,1.61-3.54,2.3-5.38,3.42Z\"><\/path><path d=\"M184.15,302.36c0-2.48-.1-4.97.02-7.45.21-4.23,3.36-7.38,7.32-7.45,4.1-.08,7.45,3.13,7.57,7.57.14,4.96.14,9.94,0,14.9-.13,4.32-3.26,7.34-7.3,7.41-4.19.07-7.38-3.03-7.58-7.52-.11-2.48-.02-4.97-.02-7.45Z\"><\/path><path d=\"M191.52,100.84c4.16-.05,7.45,3.07,7.56,7.17.11,4.16-3.39,7.71-7.55,7.65-4.02-.05-7.37-3.43-7.37-7.45,0-4.09,3.22-7.32,7.36-7.37Z\"><\/path><path d=\"M191.92,197.63c4.12.18,7.43,3.86,7.15,7.95-.27,4.02-3.7,7.1-7.74,6.95-4.15-.15-7.43-3.78-7.16-7.9.26-3.95,3.82-7.17,7.74-7Z\"><\/path><\/g><\/g><\/svg>\t\t\t\t<\/p>\n<h3>\n\t\t\t\t\t\t\tState of the Art Technology<br \/>\n\t\t\t\t\t<\/h3>\n<p>\n\t\t\t\t\t\tWe have state-of-the-art drone technology and a specialized team, ensuring a quality and efficient service.\t\t\t\t\t<\/p>\n<p>\t\t\t\t<svg xmlns=\"http:\/\/www.w3.org\/2000\/svg\" id=\"Capa_2\" data-name=\"Capa 2\" viewbox=\"0 0 370.96 370.93\"><defs><\/p>\n<style>      .cls-1 {        fill: #004cba;        stroke-width: 0px;      }    <\/style>\n<p><\/defs><g id=\"Capa_1-2\" data-name=\"Capa 1\"><g><path d=\"M370.9,370.93H0v-107.53h23.18c.74-6.66.93-12.91,2.21-18.92,3.84-18.01,17.78-31.97,34.65-34.56,15.56-2.39,27.82,3.9,37.14,16.05,3.22,4.2,5.43,9.16,8.03,13.64,4.03,0,8.42-.52,12.64.1,12.79,1.87,21.24,9.7,26.93,20.87.83,1.63,1.46,2.77,3.73,2.76,23.83-.11,47.66-.07,71.49-.08.36,0,.72-.11.9-.13.69-6.21.88-12.43,2.14-18.43,3.83-18.21,17.76-32.23,34.84-34.8,15.55-2.34,27.8,4.04,37.09,16.2,3.2,4.2,5.42,9.15,8.25,14.05,19.52-3.7,32.14,5.84,40.72,23.1h26.98v107.68ZM11.94,358.85h346.96v-83.6h-11.73c-.46,27.33-7.56,38.59-30.07,47.72v23.97h-11.81v-24.33c-12.18-2.91-20.13-10.56-25.55-21.04-3.53,1.16-6.81,2.24-10.52,3.47v41.89h-11.91v-42.17c-15.43-3.46-25.54-12.7-31.56-26.61-1.03-2.38-2.28-2.97-4.72-2.96-22.71.09-45.41.05-68.12.06-1.1,0-2.19.11-3.36.17.52,22.55-6.96,39.9-30.09,47.55v23.9h-11.87v-24.23c-12.18-2.82-20.12-10.63-25.51-21.02-3.7,1.18-6.98,2.22-10.52,3.35v41.89h-11.92v-42.09c-15.71-3.49-25.85-13.14-32.08-27.38-.4-.91-1.61-2.01-2.49-2.05-4.32-.21-8.66-.1-13.15-.1v83.59ZM35.73,255.53c.02,11.26,3.16,20.31,8.76,27.1,11.59,14.03,30.85,14.03,42.38,0,11.62-14.15,11.67-36.35.11-50.56-11.56-14.21-31.04-14.22-42.61.02-5.97,7.36-8.51,15.92-8.64,23.44ZM263.29,220.59c-4.09,1.33-8.54,2.04-12.2,4.12-12.5,7.08-17.55,18.72-17.58,32.5-.03,13.78,5.03,25.38,17.41,32.65,7.34,4.31,15.18,4.53,22.91.87.96-.46,1.98-2.23,1.87-3.27-1.64-15.76,2.65-29.29,14.48-40.19.64-.59,1.12-1.99.89-2.77-3.51-11.87-13.77-22.94-27.79-23.9ZM335.26,281.15c-.24-8.25-2.45-15.76-7.95-22.07-8.98-10.3-22.96-10.33-32.02-.11-10.61,11.98-10.65,32.38-.09,44.43,9.02,10.29,22.94,10.36,32.01.09,5.63-6.38,7.85-14.02,8.04-22.35ZM137.59,281.36c-.2-8.56-2.48-16.33-8.34-22.69-5.01-5.43-11.15-8.23-18.74-7.07-2.19.33-3.1,1.2-3.02,3.65.47,14.33-3.88,26.95-13.69,37.59-.68.74-1.22,2.37-.87,3.17,6.88,15.45,23.8,20.76,35.99,8.15,6.11-6.32,8.42-14.23,8.67-22.8Z\"><\/path><path d=\"M23.74,11.74H.08V0h59.4v11.55h-23.73c0,8.21-.08,16.02.13,23.82.02.7,1.85,1.67,2.98,1.96,19.68,5,39.37,9.92,59.07,14.85,7.72,1.93,15.44,3.84,23.39,5.82,4.86-9.39,13.2-11.14,22.6-10.26.7-2.02,1.17-3.83,1.93-5.5,5.31-11.62,14.35-17.95,27.14-18.47,6.97-.28,13.97-.06,20.96-.06,17.68,0,27.35,6.92,32.83,23.35,4.48.66,9.18.54,13.15,2.17,3.8,1.57,6.86,4.97,11.3,8.38,6.26-1.56,14.08-3.5,21.9-5.45,19.58-4.89,39.13-9.87,58.75-14.61,2.84-.69,3.47-1.88,3.41-4.53-.16-6.95-.06-13.91-.06-21.15h-23.66V0h59.39v11.55h-23.74c0,8.21-.06,16.02.09,23.82.01.77,1.12,1.75,1.96,2.24,7.08,4.13,10.78,10.95,9.81,18.27-1.01,7.59-6.2,13.34-14.35,15.39-30.32,7.64-60.67,15.15-90.97,22.86-1.63.41-3.4,1.9-4.26,3.37-3.78,6.5-9.16,10.04-16.73,10.04-31.56,0-63.13.01-94.69,0-7.59,0-12.91-3.65-16.68-10.13-.85-1.47-2.67-2.88-4.31-3.3-30.07-7.64-60.18-15.12-90.28-22.65-8.36-2.09-13.76-7.67-14.9-15.36-1.1-7.46,2.46-13.92,10.02-18.47.79-.48,1.72-1.56,1.74-2.38.13-7.7.08-15.41.08-23.53ZM185.48,95.58c15.6,0,31.19.02,46.79-.01,4.88-.01,7.07-2.22,7.1-7.11.05-7.24.05-14.47,0-21.71-.04-4.88-2.22-7.09-7.11-7.09-31.19-.03-62.39-.03-93.58,0-4.89,0-7.06,2.21-7.1,7.1-.05,6.99-.03,13.97,0,20.96.02,5.86,2,7.85,7.87,7.85,15.35.02,30.69,0,46.04,0ZM119.46,70.04c-.91-.28-1.49-.49-2.09-.64-21.02-5.26-42.05-10.5-63.07-15.76-7.61-1.9-15.21-3.88-22.83-5.71-3.57-.86-6.73,1.08-7.54,4.36-.76,3.06,1.1,6.1,4.45,7.19,1.18.38,2.42.61,3.62.91,18.61,4.65,37.21,9.31,55.82,13.96,10.48,2.61,20.96,5.2,31.65,7.85v-12.16ZM251.66,82.22c30.48-7.62,60.67-15.14,90.84-22.78,1.42-.36,3.3-1.59,3.66-2.8.57-1.93.67-4.5-.18-6.23-1.36-2.74-4.16-3.09-7.16-2.33-25.85,6.5-51.72,12.91-77.57,19.42-10.82,2.72-10.8,2.8-9.58,14.73ZM213.73,47.49c-1.66-6.34-7.86-11.46-14.88-11.69-8.97-.29-17.96-.2-26.94-.01-6.03.13-14.14,5.81-14.57,11.7h56.39Z\"><\/path><path d=\"M179.31,119.72h12.06v92.51c6.47-6.73,12.6-13.1,18.95-19.7,3.35,3.84,5.85,6.7,8.11,9.28-10.7,10.7-21.95,21.96-32.94,32.94-10.91-10.89-22.17-22.12-33.56-33.5,2.47-2.29,5.25-4.87,8.05-7.47,6.06,6.07,12.29,12.32,19.33,19.38v-93.44Z\"><\/path><path d=\"M138.53,174.62c3.63,3.61,6.27,6.23,8.64,8.58-11.34,11.34-22.59,22.59-33.57,33.57-10.89-10.88-22.14-22.12-33.51-33.47,2.38-2.34,5.09-4.99,7.84-7.69,6.21,6.28,12.42,12.56,18.63,18.83.29-.13.57-.27.86-.4v-74.27h12.06v74.19c6.4-6.5,12.61-12.8,19.05-19.34Z\"><\/path><path d=\"M223.74,165.29c2.43-2.34,5.1-4.92,8.01-7.72,6.06,6.31,12.22,12.72,18.39,19.14.38-.23.76-.46,1.14-.69v-62.29h11.93v62.99c6.77-6.98,12.95-13.35,19.24-19.83,3.34,3.39,6,6.09,8.42,8.54-11.28,11.27-22.53,22.52-33.56,33.54-10.99-11.03-22.22-22.29-33.56-33.67Z\"><\/path><\/g><\/g><\/svg>\t\t\t\t<\/p>\n<h3>\n\t\t\t\t\t\t\tPrecision and Efficiency<br \/>\n\t\t\t\t\t<\/h3>\n<p>\n\t\t\t\t\t\tOur drone technology elevates accuracy and efficiency in every project.\n\t\t\t\t\t<\/p>\n<p>\t\t\t\t<svg xmlns=\"http:\/\/www.w3.org\/2000\/svg\" id=\"Capa_2\" data-name=\"Capa 2\" viewbox=\"0 0 383.18 216.85\"><defs><\/p>\n<style>      .cls-1 {        fill: #004cba;        stroke-width: 0px;      }    <\/style>\n<p><\/defs><g id=\"Capa_1-2\" data-name=\"Capa 1\"><g><path d=\"M0,10.22c2.07-3.27,5.09-4.25,8.87-4.21,12.85.13,25.7.01,38.55.09,2.2.01,3.37-.47,4.55-2.67C52.89,1.7,55.58,0,57.49,0c1.9,0,4.61,1.71,5.49,3.42,1.15,2.26,2.34,2.68,4.52,2.66,12.72-.07,25.45-.04,38.17-.02,1.49,0,3.02,0,4.46.33,3.08.69,4.71,2.88,4.76,5.91.05,3.2-1.58,5.5-4.83,6.23-1.44.32-2.97.32-4.46.32-12.35.02-24.7.01-37.05.01-1.36,0-2.71,0-4.4,0v12.81c3.83,0,7.54.07,11.24-.02,4.52-.11,8.23,1.37,11.29,4.8.76.85,2.29,1.44,3.46,1.45,17.22.09,34.43.11,51.65-.04,1.18-.01,2.87-1.23,3.45-2.34,9.73-18.89,25.18-29.33,46.37-29.34,21.2-.01,36.72,10.38,46.26,29.37.94,1.88,1.93,2.46,3.94,2.45,17.09-.07,34.18-.01,51.27-.1,1.18,0,2.72-.57,3.48-1.42,3.05-3.43,6.74-4.94,11.27-4.83,3.71.09,7.42.02,11.61.02,0-3.88,0-7.33,0-10.78,0-2.7-2.08-1.99-3.53-2-12.6-.05-25.2-.02-37.8-.03-6.71,0-9.85-2.1-9.77-6.51.07-4.29,3.12-6.31,9.59-6.31,12.6,0,25.2-.03,37.8.02,2.11,0,3.43-.22,4.55-2.61.8-1.72,3.56-3.45,5.46-3.47,1.9-.02,4.71,1.66,5.53,3.36,1.21,2.5,2.68,2.72,4.91,2.71,12.72-.05,25.45-.04,38.17,0,1.49,0,3.04.02,4.44.42,2.83.81,4.36,2.92,4.41,5.81.06,3.06-1.47,5.29-4.47,6.14-1.41.4-2.96.41-4.45.41-12.48.03-24.95.02-37.43.02-1.36,0-2.71,0-4.34,0v12.81c3.98,0,7.81-.06,11.65.01,8.37.15,13.52,5.26,13.59,13.58.07,7.86.06,15.72,0,23.58-.06,8.52-5.3,13.85-13.73,13.9-12.1.06-24.21.23-36.3-.13-3.15-.09-6.23-1.97-9.36-3-1.06-.35-2.32-1.06-3.2-.77-4.24,1.42-8.37,3.13-12.88,4.87,3.39,10.84,6.71,21.5,10.05,32.14,8.57,27.33,17.16,54.65,25.73,81.98,3.63,11.58-1.77,18.97-13.82,18.99-2.62,0-5.24,0-7.86,0-8.33-.02-12.05-2.6-14.87-10.36-7.24-19.89-14.48-39.79-21.71-59.68-5.32-14.63-10.62-29.26-15.94-43.89-.42-1.16-.93-2.28-1.55-3.8-6.58,2.54-13.04,5.01-19.47,7.55-.62.25-1.26.85-1.57,1.45-2.1,4.08-4.11,8.2-6.46,12.93,3.07,0,5.62-.03,8.16,0,11.62.14,19.64,8.17,19.7,19.9.08,16.47.07,32.93,0,49.4-.05,12.04-7.77,19.91-19.84,20.12-9.6.17-19.21.04-28.82.04-10.85,0-21.71.05-32.56-.01-13.17-.08-20.81-7.82-20.83-21.04-.02-15.97-.04-31.94,0-47.9.03-12.65,7.92-20.46,20.6-20.51,2.22,0,4.44,0,7.27,0-2.32-4.65-4.37-8.87-6.54-13.02-.36-.69-1.17-1.32-1.91-1.61-6.24-2.45-12.52-4.82-19.12-7.34-1.58,4.26-3.09,8.32-4.57,12.38-11.5,31.6-22.98,63.19-34.48,94.79-2.92,8.03-6.56,10.59-15.07,10.61-3.12,0-6.24.03-9.36,0-9.79-.12-15.56-7.9-12.68-17.32,4.15-13.57,8.47-27.1,12.72-40.64,7.53-24,15.07-48,22.6-72,.29-.94.51-1.89.86-3.16-4.34-1.68-8.58-3.42-12.91-4.92-.8-.28-1.96.35-2.91.66-3.35,1.08-6.66,3.05-10.04,3.16-11.71.4-23.45.18-35.18.15-9.2-.02-14.33-5.19-14.36-14.41-.02-7.61-.04-15.22,0-22.83.05-8.61,5.11-13.7,13.71-13.83,3.72-.06,7.45,0,11.49,0v-12.62c-1.38-.06-2.72-.17-4.05-.17-12.6-.01-25.2-.09-37.8.04-3.79.04-6.79-.97-8.87-4.21v-4.49ZM89.4,50.73c0,3.93.22,7.53-.07,11.09-.23,2.89.91,4.13,3.5,5.12,23.96,9.12,47.86,18.38,71.81,27.52,1.7.65,3.61,1,5.42,1.01,14.34.08,28.67.06,43.01.02,1.35,0,2.8-.03,4.02-.5,24.88-9.5,49.73-19.05,74.57-28.65.82-.32,2.02-1.14,2.05-1.77.18-4.55.09-9.11.09-13.85-1.97,0-3.33,0-4.7,0-17.7,0-35.4.01-53.1,0-4.9,0-6.33-1.05-8.02-5.61-5.99-16.24-19.73-26.16-36.28-26.22-16.51-.05-30.48,9.96-36.38,26.07-1.73,4.73-3.16,5.76-8.3,5.76-17.7.01-35.4,0-53.1,0h-4.51ZM191.4,197.68c10.1,0,20.21.03,30.31-.01,6.09-.03,8.17-2.08,8.17-8.03.02-15.97.02-31.93,0-47.9,0-5.71-2.22-7.94-7.92-7.95-20.21-.03-40.41-.02-60.62,0-5.74,0-7.97,2.21-7.98,7.88-.03,15.97-.02,31.93,0,47.9,0,6,2.05,8.07,8.1,8.09,9.98.05,19.96.01,29.93.01ZM89.08,203.96c13.23-36.39,26.48-72.82,39.83-109.54-5.42-2.06-10.57-4.01-15.99-6.07-12.16,38.81-24.15,77.07-36.23,115.61h12.39ZM254.35,94.47c13.36,36.74,26.59,73.11,39.77,109.36h12.4c-12.12-38.67-24.14-76.97-36.21-115.47-5.54,2.12-10.53,4.03-15.96,6.12ZM38.55,44.7v25h37.83v-25h-37.83ZM306.87,44.63v25.14h37.84v-25.14h-37.84ZM206.69,108.52h-30.11c1.93,3.89,3.6,7.49,5.51,10.95.42.76,1.68,1.46,2.57,1.49,4.61.15,9.23.17,13.84-.01.97-.04,2.3-.87,2.78-1.73,1.88-3.35,3.49-6.85,5.4-10.7Z\"><\/path><path d=\"M191.67,184.83c-10.47.08-19.13-8.4-19.21-18.82-.08-10.61,8.56-19.39,19.1-19.42,10.42-.03,19.02,8.44,19.19,18.92.18,10.59-8.36,19.23-19.08,19.32ZM191.77,159.37c-3.49-.08-6.41,2.79-6.45,6.34-.04,3.43,2.55,6.18,5.98,6.33,3.64.16,6.51-2.46,6.63-6.05.12-3.55-2.67-6.54-6.16-6.62Z\"><\/path><\/g><\/g><\/svg>\t\t\t\t<\/p>\n<h3>\n\t\t\t\t\t\t\tUnique Perspectives<br \/>\n\t\t\t\t\t<\/h3>\n<p>\n\t\t\t\t\t\tDrones provide unique and otherwise inaccessible perspectives.\n\t\t\t\t\t<\/p>\n<p>\t\t\t\t\t\t\t\t\t\t\t\t\t<img fetchpriority=\"high\" decoding=\"async\" width=\"1001\" height=\"1000\" src=\"https:\/\/kleck.digital\/wp-content\/uploads\/2024\/06\/DRONE-WING-SOLUTIONS.webp\" alt=\"\" srcset=\"https:\/\/kleck.digital\/wp-content\/uploads\/2024\/06\/DRONE-WING-SOLUTIONS.webp 1001w, https:\/\/kleck.digital\/wp-content\/uploads\/2024\/06\/DRONE-WING-SOLUTIONS-300x300.webp 300w, https:\/\/kleck.digital\/wp-content\/uploads\/2024\/06\/DRONE-WING-SOLUTIONS-150x150.webp 150w, https:\/\/kleck.digital\/wp-content\/uploads\/2024\/06\/DRONE-WING-SOLUTIONS-768x767.webp 768w\" sizes=\"(max-width: 1001px) 100vw, 1001px\">\t\t\t\t\t\t\t\t\t\t\t\t\t<\/p>\n<h2>Multifunctional Solutions<\/h2>\n<p>\t\tWe offer drone solutions for various applications such as aerial photography and filming, adapting to the specific needs of each client.<br \/>\n\t\t\t<a href=\"https:\/\/kleck.digital\/en\/contacto\/\"><br \/>\n\t\t\t\t\t\t\t\t\tContact us<br \/>\n\t\t\t\t\t<\/a><\/p>\n<h2>You may also be interested in. . .<\/h2>\n<p>Different works carried out by Kleck over time.<\/p>\n<style>.elementor-6226 .elementor-element.elementor-element-3012161{--display:flex;--flex-direction:column;--container-widget-width:100%;--container-widget-height:initial;--container-widget-flex-grow:0;--container-widget-align-self:initial;--justify-content:space-between;--gap:0px 0px;--background-transition:0.3s;--margin-top:0px;--margin-bottom:0px;--margin-left:0px;--margin-right:0px;--padding-top:0px;--padding-bottom:0px;--padding-left:0px;--padding-right:0px;}.elementor-6226 .elementor-element.elementor-element-a77dc94{--display:flex;--justify-content:space-between;--gap:10px 10px;--background-transition:0.3s;--padding-top:5%;--padding-bottom:5%;--padding-left:5%;--padding-right:5%;}.elementor-6226 .elementor-element.elementor-element-3b07ab7 .elementor-button{font-family:\"Poppins\", Sans-serif;font-size:11px;font-weight:400;fill:#FFFFFF;color:#FFFFFF;background-color:#20C857;border-radius:50px 50px 50px 50px;padding:10px 25px 10px 25px;}.elementor-6226 .elementor-element.elementor-element-3b07ab7 .elementor-button:hover, .elementor-6226 .elementor-element.elementor-element-3b07ab7 .elementor-button:focus{color:var( --e-global-color-ed1e6f7 );background-color:var( --e-global-color-79d9157 );}.elementor-6226 .elementor-element.elementor-element-3b07ab7 .elementor-button:hover svg, .elementor-6226 .elementor-element.elementor-element-3b07ab7 .elementor-button:focus svg{fill:var( --e-global-color-ed1e6f7 );}.jet-listing-item.single-jet-engine.elementor-page-6226 > .elementor{width:400px;margin-left:auto;margin-right:auto;}@media(max-width:1366px){.elementor-6226 .elementor-element.elementor-element-3b07ab7 .elementor-button{font-size:18px;}}<\/style>\n<p>\t\t\t<a href=\"#\"><br \/>\n\t\t\t\t\t\t\t\t\tView more<br \/>\n\t\t\t\t\t<\/a><\/p>\n\n\n<p>Despierta tu instinto ganador participando ahora en <a href=\"https:\/\/casinos-gratogana.es\/\" target=\"_blank\" rel=\"noreferrer noopener\">casinos-gratogana.es<\/a>. Las promociones del momento multiplican tu potencial, mientras la cultura del juego premia la disciplina y t\u00fa juega con mentalidad de millonario. El destino te espera, reg\u00edstrate y deja que la fortuna trabaje.<\/p>","protected":false},"excerpt":{"rendered":"<p>Explora Nuevos Horizontes: Soluciones Avanzadas con Nuestro Servicio de Drones Llevamos la tecnolog\u00eda de drones a nuevas alturas. Nuestro servicio ofrece soluciones avanzadas para diversas aplicaciones, como fotograf\u00eda y filmaci\u00f3n a\u00e9rea. Elevamos la eficiencia y la precisi\u00f3n en cada proyecto, ofreciendo perspectivas \u00fanicas y datos detallados. Con tecnolog\u00eda de vanguardia y un equipo especializado, estamos [&hellip;]<\/p>\n","protected":false},"author":4,"featured_media":0,"parent":0,"menu_order":0,"comment_status":"closed","ping_status":"closed","template":"","meta":{"footnotes":""},"class_list":["post-7036","page","type-page","status-publish","hentry"],"_links":{"self":[{"href":"https:\/\/kleck.digital\/en\/wp-json\/wp\/v2\/pages\/7036","targetHints":{"allow":["GET"]}}],"collection":[{"href":"https:\/\/kleck.digital\/en\/wp-json\/wp\/v2\/pages"}],"about":[{"href":"https:\/\/kleck.digital\/en\/wp-json\/wp\/v2\/types\/page"}],"author":[{"embeddable":true,"href":"https:\/\/kleck.digital\/en\/wp-json\/wp\/v2\/users\/4"}],"replies":[{"embeddable":true,"href":"https:\/\/kleck.digital\/en\/wp-json\/wp\/v2\/comments?post=7036"}],"version-history":[{"count":29,"href":"https:\/\/kleck.digital\/en\/wp-json\/wp\/v2\/pages\/7036\/revisions"}],"predecessor-version":[{"id":8529,"href":"https:\/\/kleck.digital\/en\/wp-json\/wp\/v2\/pages\/7036\/revisions\/8529"}],"wp:attachment":[{"href":"https:\/\/kleck.digital\/en\/wp-json\/wp\/v2\/media?parent=7036"}],"curies":[{"name":"wp","href":"https:\/\/api.w.org\/{rel}","templated":true}]}}