{"id":7057,"date":"2024-03-25T21:38:23","date_gmt":"2024-03-26T02:38:23","guid":{"rendered":"https:\/\/kleck.digital\/?page_id=7057"},"modified":"2026-04-13T04:05:51","modified_gmt":"2026-04-13T09:05:51","slug":"content-and-email-marketing","status":"publish","type":"page","link":"https:\/\/kleck.digital\/en\/content-and-email-marketing\/","title":{"rendered":"Content and email marketing"},"content":{"rendered":"<h2>Content and Engagement: The Formula for Digital Success<br \/>\n<\/h2>\n<p>\t\tIn the digital world, relevance and connection are key. With our Content &amp; Email Marketing service, we take your message directly to the heart of your audience. From immersive content to strategic email campaigns, we help you build strong, lasting relationships. Spark interest, nurture loyalty, and convert your followers into customers.<br \/>\n\t\t\t<iframe src=\"https:\/\/iframe.mediadelivery.net\/embed\/204226\/016dc585-4312-42a2-ae8f-f66363831ba1?autoplay=false\" loading=\"lazy\" style=\"border: none; position: absolute; border-radius: 6px; top: 0; height: 100%; width: 100%;\" allow=\"accelerometer; gyroscope; autoplay; encrypted-media; picture-in-picture;\" allowfullscreen=\"true\"><\/iframe><br \/>\n\t\t\t\t<svg xmlns=\"http:\/\/www.w3.org\/2000\/svg\" id=\"Capa_2\" data-name=\"Capa 2\" viewbox=\"0 0 335.46 299.57\"><defs><\/p>\n<style>      .cls-1 {        fill: #004cba;        stroke-width: 0px;      }    <\/style>\n<p><\/defs><g id=\"Capa_1-2\" data-name=\"Capa 1\"><g><path d=\"M331.22,95.62c-12.83-9.71-25.53-19.6-38.35-29.32-1.99-1.51-2.79-3.09-2.78-5.61.1-17.35.06-34.7.05-52.05,0-6.94-1.72-8.64-8.61-8.64C205.67,0,129.82,0,53.96,0c-6.93,0-8.65,1.7-8.66,8.59-.02,16.73-.13,33.45.09,50.18.05,3.88-1.03,6.33-4.21,8.69-12.61,9.38-24.95,19.12-37.45,28.64C1.1,98.1-.02,100.48,0,103.77c.09,14.85.02,29.71.05,44.56,0,4.69,2.3,7.45,6.03,7.41,3.72-.03,5.92-2.77,5.93-7.52.02-10.23,0-20.47.02-30.7,0-1.01.15-2.02.27-3.47,36.55,28.04,72.6,55.69,108.97,83.6-35.66,27.35-70.77,54.28-105.89,81.22-.5-.02-1.01-.03-1.51-.05-.62-3.57-1.76-7.14-1.78-10.72-.15-26.59-.08-53.17-.08-79.76,0-3,.13-6-.08-8.98-.23-3.32-2.81-5.59-5.93-5.58-3.13,0-5.56,2.29-5.93,5.61-.08.74-.04,1.5-.04,2.24,0,29.08-.05,58.16.02,87.25.04,17.71,13.04,30.67,30.82,30.67,91.2.03,182.41.03,273.61,0,17.97,0,30.89-12.96,30.91-30.96.04-54.79,0-109.59.07-164.38,0-3.73-1.28-6.34-4.23-8.58ZM45.08,124.07c-9.87-7.56-19.2-14.72-29.09-22.3,9.71-7.45,19.15-14.68,29.09-22.31v44.61ZM290.52,79.55c9.8,7.51,19.12,14.66,28.97,22.22-9.78,7.5-19.1,14.66-28.97,22.22v-44.44ZM59.36,134.92c-1.07-.83-2-2.62-2-3.96-.1-38.8-.08-77.61-.07-116.41,0-.73.14-1.46.24-2.47h220.44c.07,1.37.2,2.68.2,3.98.01,37.93-.02,75.86.06,113.79,0,2.65-.82,4.29-2.94,5.9-22.72,17.3-45.38,34.67-67.96,52.15-2.31,1.79-3.72,1.78-5.99-.01-9.38-7.43-18.93-14.65-28.44-21.92-4.19-3.2-6.15-3.19-10.31,0-9.71,7.43-19.44,14.81-29.06,22.35-1.82,1.43-2.98,1.41-4.8.01-23.1-17.82-46.28-35.54-69.36-53.39ZM323.35,267.29c0,3.83-1.1,7.66-1.84,12.44-2.2-1.58-3.29-2.32-4.34-3.13-27.52-21.09-55.03-42.2-82.54-63.29-.99-.76-1.97-1.55-3.07-2.11-2.71-1.37-5.19-.72-7.07,1.5-2.02,2.39-2,5.06-.08,7.53.75.96,1.83,1.68,2.81,2.44,26.61,20.43,53.23,40.86,79.84,61.29.96.74,1.87,1.54,3.71,3.06H25.8c-.07-.3-.14-.6-.2-.89,8.19-6.28,16.38-12.56,24.57-18.85,38.2-29.3,76.41-58.58,114.55-87.96,2.31-1.78,3.71-1.84,6-.03,9.29,7.35,18.75,14.49,28.16,21.7,4.49,3.44,6.43,3.45,10.96-.01,36.52-28,73.03-56.02,109.56-84.02,1.14-.88,2.34-1.68,4.04-2.9v4.23c0,49.67.04,99.34-.08,149.01Z\"><\/path><path d=\"M146.06,138.69c6.12-3.22,9.38-8.49,9.62-15.39.2-5.66.04-11.33.04-17.23,2.08.28,3.56.45,5.02.69,19.66,3.29,39.31,6.61,58.97,9.88,4.78.79,7.8-1.68,7.86-6.51.09-7.11.03-14.22.03-21.34,0-2.57,0-5.14,0-7.66,9.51-.79,11.74-1.94,11.94-5.94.21-4.11-1.95-5.35-11.94-6.67,0-1.16,0-2.37,0-3.58,0-8.36.05-16.72-.02-25.08-.04-5.03-3.08-7.5-8.05-6.66-12.16,2.04-24.33,4.07-36.48,6.17-18.66,3.22-37.27,6.92-56.38,5.58-.87-.06-1.75.01-2.62.07-13.88.87-25.02,10.6-27.4,23.94-2.58,14.42,3.89,27.38,16.58,33.07,2.04.91,4.19,1.57,6.58,2.46,0,6.33-.08,12.44.02,18.55.11,6.31,2.86,11.33,8.12,14.77,5.79,3.78,11.96,4.13,18.1.9ZM155.86,56.01c19.77-3.3,39.51-6.59,59.53-9.93v57.62c-19.89-3.31-39.69-6.6-59.53-9.91v-37.79ZM120.11,91.7c-7.94-1.57-12.87-10.13-12.22-18.32.66-8.23,7.13-15.45,15.49-16.19,6.63-.59,13.35-.12,20.21-.12v36.18c-7.83-.44-15.84-.04-23.48-1.54ZM131.85,122.9c-.14-5.83-.04-11.66-.04-17.91h11.84c0,6.36.29,12.67-.12,18.93-.2,3.17-2.77,4.91-6.08,4.84-3.1-.07-5.52-2.49-5.6-5.86Z\"><\/path><\/g><\/g><\/svg>\t\t\t\t<\/p>\n<h3>\n\t\t\t\t\t\t\tEngaging Content Strategies<br \/>\n\t\t\t\t\t<\/h3>\n<p>\n\t\t\t\t\t\tWe create content that not only informs but also persuades. From blogs to social media, every word is designed to capture attention and motivate action.\t\t\t\t\t<\/p>\n<p>\t\t\t\t<svg xmlns=\"http:\/\/www.w3.org\/2000\/svg\" id=\"Capa_2\" data-name=\"Capa 2\" viewbox=\"0 0 351.56 343.99\"><defs><\/p>\n<style>      .cls-1 {        fill: #004cba;        stroke-width: 0px;      }    <\/style>\n<p><\/defs><g id=\"Capa_1-2\" data-name=\"Capa 1\"><g><path d=\"M340.98,126.62c-13.07-10.42-25.93-21.1-38.75-31.83-1.29-1.08-2.33-3.24-2.37-4.93-.22-9.6-.07-19.21-.12-28.82-.08-16.43-9.95-26.25-26.41-26.3-13.85-.03-27.7.09-41.54-.11-2.14-.03-4.65-.94-6.33-2.27-10.53-8.4-20.87-17.04-31.27-25.6-10.81-8.89-22.82-9.03-33.77-.36-10.76,8.51-21.53,17.01-32.22,25.62-2.34,1.89-4.67,2.83-7.77,2.79-14.1-.16-28.2-.14-42.29-.05-15.61.1-25.62,10.23-25.7,25.91-.04,9.73.1,19.47-.12,29.2-.04,1.68-1.06,3.84-2.35,4.91-12.89,10.64-25.8,21.27-38.97,31.55C3.38,132.27-.01,139.75,0,149.27c.07,56.15.02,112.3.08,168.45,0,2.84.27,5.77,1.01,8.5,3.05,11.25,12.47,17.75,25.48,17.75,49.65.02,99.31,0,148.96,0s99.81.02,149.71-.01c16.14-.01,26.27-10.08,26.28-26.12.03-56.28-.01-112.55.04-168.83,0-9.21-3.26-16.57-10.58-22.41ZM169.61,11.79c4.69-3.37,10.39-3.26,15.08.32,9.19,7.01,18.06,14.44,27.89,22.36h-72.4c10.33-8.02,19.66-15.65,29.43-22.68ZM62.72,60.69c0-10.67,5.72-16.43,16.39-16.44,32.43-.03,64.86-.01,97.28-.01s64.11,0,96.16,0c12.19,0,17.64,5.41,17.65,17.52,0,34.05-.03,68.11.06,102.16,0,2.7-.8,4.22-3.11,5.65-36,22.34-71.95,44.76-107.87,67.24-2.08,1.3-3.52,1.4-5.66.06-36.01-22.57-72.06-45.05-108.16-67.48-2.06-1.28-2.82-2.6-2.82-5.05.09-34.55.05-69.11.06-103.66ZM341.92,318.33c0,10.14-5.92,16.1-16.03,16.1-100.07.02-200.13.02-300.2,0-10.13,0-16.04-5.96-16.04-16.09-.02-56.53.01-113.06-.04-169.59,0-6.04,2.11-10.75,6.91-14.56,11.8-9.37,23.43-18.96,35.75-28.98v56.4c-3.12-1.97-5.91-3.71-8.67-5.48-4.51-2.9-8.98-5.87-13.5-8.74-3.32-2.11-6.09-1.9-7.61.46-1.58,2.45-.52,5.26,2.87,7.36,40.98,25.46,81.98,50.9,122.97,76.34,8.69,5.39,17.41,10.72,26.02,16.22,1.93,1.23,3.28,1.37,5.31.1,49.14-30.99,98.33-61.91,147.5-92.84,4.04-2.54,4.64-4.49,2.44-7.45-1.85-2.48-3.93-2.57-6.47-.95-7.05,4.49-14.16,8.86-21.26,13.27-.49.31-1.06.5-1.9.89v-55.54c4.03,3.24,7.58,6.07,11.11,8.93,8.05,6.51,16.02,13.13,24.16,19.53,4.71,3.7,6.72,8.4,6.72,14.28-.04,56.78-.01,113.56-.03,170.34Z\"><\/path><path d=\"M116.94,237.2c-28.86,25.35-57.73,50.7-86.55,76.11-1.35,1.19-2.67,2.74-3.28,4.39-1.14,3.1,1.1,5.77,5.41,5.7.9-.53,2.78-1.27,4.22-2.53,29-25.39,57.95-50.83,86.89-76.28,3.05-2.68,3.63-5.59,1.75-7.8-2.18-2.57-5.2-2.44-8.45.41Z\"><\/path><path d=\"M324.96,313.74c-29.01-25.52-58.04-51.02-87.11-76.48-1.25-1.1-2.93-1.71-4.83-2.79-1.44,1.12-3.28,1.87-3.9,3.19-1.33,2.83,0,5.17,2.31,7.19,29.05,25.47,58.06,50.99,87.1,76.49,2.92,2.56,5.53,2.73,7.55.61,2.15-2.25,1.77-5.68-1.11-8.22Z\"><\/path><path d=\"M87.42,164.65c2.37,1.54,4.6,1.73,5.99-1.47.32-.75,1.17-1.27,1.79-1.89,13.76-13.94,27.53-27.87,41.25-41.84.93-.95,1.47-2.3,2.27-3.61,13.38,13.39,25.8,25.84,38.23,38.28,4.6,4.6,6.46,4.59,11.12-.03,21.8-21.6,43.6-43.2,65.41-64.8.9-.89,1.86-1.72,3.38-3.12,0,6.46-.03,11.94.01,17.42.03,3.01.92,5.46,4.49,5.76,3.54.29,5.69-1.74,5.73-5.71.07-8.36.04-16.72.02-25.08-.01-5.57-3.44-9.69-8.94-9.84-9.35-.26-18.71-.1-28.06.02-3.05.04-4.39,2.05-4.39,4.96,0,3.16,1.95,4.96,5.66,5.02,5.81.09,11.62.02,17.3.02-22.19,22.19-44.19,44.2-66.5,66.52-12.12-12.13-24.64-24.66-37.16-37.17-4.08-4.07-5.96-4.08-9.91-.04-15.6,15.98-31.19,31.97-46.78,47.95-.52.53-1.08,1.05-1.52,1.65-1.76,2.38-1.58,5.57.61,7Z\"><\/path><\/g><\/g><\/svg>\t\t\t\t<\/p>\n<h3>\n\t\t\t\t\t\t\tPersonalized Email Campaigns<br \/>\n\t\t\t\t\t<\/h3>\n<p>\n\t\t\t\t\t\t We develop personalized and effective email campaigns.\t\t\t\t\t<\/p>\n<p>\t\t\t\t<svg xmlns=\"http:\/\/www.w3.org\/2000\/svg\" id=\"Capa_2\" data-name=\"Capa 2\" viewbox=\"0 0 402.13 287.38\"><defs><\/p>\n<style>      .cls-1 {        fill: #004cba;        stroke-width: 0px;      }    <\/style>\n<p><\/defs><g id=\"Capa_1-2\" data-name=\"Capa 1\"><g><path d=\"M40.1,208.23c2.95,12.44,13.12,19.9,26.96,19.9,90.42,0,180.84,0,271.26,0,18.48,0,28.89-10.43,28.89-28.98,0-56.67-.22-113.35.14-170.02.11-17.48-11.86-29.32-28.97-29.13-44.93.5-89.87.17-134.81.17-45.48,0-90.97-.02-136.45,0-17.13,0-27.7,10.46-27.71,27.45-.03,57.63-.02,115.26.02,172.88,0,2.58.09,5.23.68,7.71ZM67.4,8.92c27.72-.05,55.45-.07,83.17-.08,62.55-.02,125.1-.04,187.65-.06,13.82,0,20.19,6.43,20.19,20.35,0,56.8-.17,113.6.15,170.4.06,11.26-7.2,20.02-20.03,19.9-45.06-.42-90.14-.16-135.2-.16s-90.68,0-136.03,0c-12.54,0-19.28-6.66-19.29-19.15-.02-57.35-.02-114.7,0-172.04,0-12.35,6.87-19.14,19.39-19.17Z\"><\/path><path d=\"M394.59,261.76c-5.03-3.52-10.2-6.86-15.12-10.52-9.47-7.03-20.03-9.96-31.79-9.94-62.54.13-125.08.06-187.62.06-35.91,0-71.83.01-107.74,0-7.49,0-14.91,1.01-21.29,4.9-9.07,5.53-17.8,11.64-26.43,17.85-4.27,3.07-5.28,7.92-4.19,12.91,1.1,5.06,4.42,8.47,9.42,9.81,2.19.59,4.6.51,6.91.52,61.45.02,122.9.02,184.35.02,61.86,0,123.72,0,185.58,0,7.83,0,12.75-3.12,14.76-9.21,2.04-6.19-.28-11.82-6.82-16.39ZM393.43,275.73c-1.1,3.2-3.94,3.26-6.79,3.26-61.99-.02-123.98-.02-185.97-.02s-122.61,0-183.92,0c-1.5,0-3.04.14-4.49-.16-3.68-.76-5.55-5.51-2.64-7.48,10.87-7.36,20.37-17.16,33.77-20.21,3.28-.75,6.76-.86,10.15-.87,98.31-.04,196.62,0,294.92-.1,9.52,0,17.98,2.41,25.64,8.04,5.17,3.79,10.5,7.36,15.81,10.96,2.38,1.61,4.62,3.33,3.5,6.59Z\"><\/path><path d=\"M157.04,197.87c30.72.03,61.45.02,92.17,0,13.02,0,20.54-7.56,20.56-20.63.03-18.84.03-37.68,0-56.52-.02-13.28-7.19-20.48-20.42-20.51-15.29-.04-30.59,0-45.88,0-15.57,0-31.13-.04-46.7.01-12.54.04-19.85,7.3-19.89,19.84-.07,19.25-.06,38.5,0,57.75.04,12.68,7.48,20.06,20.17,20.07ZM253.45,188.74h-101.7c11.94-11.04,22.99-21.27,34.38-31.79,3.96,3.97,9.02,9.58,17.44,9.41,8.25-.16,13.2-5.61,17.22-9.88,11.27,10.48,22.35,20.78,33.42,31.08-.25.4-.51.79-.76,1.19ZM260.54,180.37c-10.65-10-21.67-20.36-33.26-31.24,11.58-10.9,22.57-21.25,33.26-31.31v62.55ZM253.55,109.18c.31.5.63.99.94,1.49-7.38,7.06-14.83,14.04-22.11,21.21-7,6.9-13.77,14.02-20.7,20.99-5.94,5.97-11,5.95-16.9-.06-13.38-13.64-26.72-27.32-40.07-41-.64-.66-1.19-1.41-2.21-2.63h101.03ZM145.83,117.56c10.72,10.32,21.55,20.74,32.92,31.68-11.27,10.42-22.33,20.66-32.92,30.46v-62.14Z\"><\/path><path d=\"M179.77,79.61c3.73.07,4.53-2.76,4.51-5.95-.03-6.12-.01-12.25-.01-18.37,0-6.39,0-12.79,0-19.18,0-3.03-.8-5.55-4.48-5.47-3.69.07-4.24,2.63-4.23,5.66.04,12.52.06,25.04-.01,37.55-.02,3.11.81,5.7,4.23,5.76Z\"><\/path><path d=\"M222.27,54.99c0,6.55.03,13.11,0,19.66-.02,2.92,1.31,4.89,4.22,4.97,2.96.08,4.4-1.93,4.41-4.8.04-13.11.04-26.22.01-39.32,0-2.79-1.08-4.86-4.25-4.88-3.37-.01-4.41,2.07-4.39,5.11.04,6.42.01,12.83.01,19.25Z\"><\/path><path d=\"M203.41,88.29c2.81-.12,4.1-1.89,4.16-4.56.07-3.39.02-6.79.02-10.19,0-3.12.03-6.25,0-9.37-.03-2.72-1.42-4.44-4.13-4.61-2.76-.17-4.48,1.5-4.55,4.15-.16,6.79-.16,13.58,0,20.37.06,2.62,1.68,4.33,4.5,4.2Z\"><\/path><\/g><\/g><\/svg>\t\t\t\t<\/p>\n<h3>\n\t\t\t\t\t\t\tEfficient Automation<br \/>\n\t\t\t\t\t<\/h3>\n<p>\n\t\t\t\t\t\tWe implement automation systems to maximize efficiency.\n\t\t\t\t\t<\/p>\n<p>\t\t\t\t\t\t\t\t\t\t\t\t\t<img fetchpriority=\"high\" decoding=\"async\" width=\"1001\" height=\"1001\" src=\"https:\/\/kleck.digital\/wp-content\/uploads\/2024\/06\/Content-and-email-marketing.webp\" alt=\"\" srcset=\"https:\/\/kleck.digital\/wp-content\/uploads\/2024\/06\/Content-and-email-marketing.webp 1001w, https:\/\/kleck.digital\/wp-content\/uploads\/2024\/06\/Content-and-email-marketing-300x300.webp 300w, https:\/\/kleck.digital\/wp-content\/uploads\/2024\/06\/Content-and-email-marketing-150x150.webp 150w, https:\/\/kleck.digital\/wp-content\/uploads\/2024\/06\/Content-and-email-marketing-768x768.webp 768w\" sizes=\"(max-width: 1001px) 100vw, 1001px\">\t\t\t\t\t\t\t\t\t\t\t\t\t<\/p>\n<h2>Analysis of data and continuous optimization<\/h2>\n<p>\t\tWe use data to constantly improve. We analyze campaign performance, adjust strategies according to results, and ensure that content and email marketing are always optimized.<br \/>\n\t\t\t<a href=\"https:\/\/kleck.digital\/en\/contacto\/\"><br \/>\n\t\t\t\t\t\t\t\t\tContact us<br \/>\n\t\t\t\t\t<\/a><\/p>\n<h2>You may also be interested in. . .<\/h2>\n<p>Different works carried out by Kleck over time.<\/p>\n<style>.elementor-6226 .elementor-element.elementor-element-3012161{--display:flex;--flex-direction:column;--container-widget-width:100%;--container-widget-height:initial;--container-widget-flex-grow:0;--container-widget-align-self:initial;--justify-content:space-between;--gap:0px 0px;--background-transition:0.3s;--margin-top:0px;--margin-bottom:0px;--margin-left:0px;--margin-right:0px;--padding-top:0px;--padding-bottom:0px;--padding-left:0px;--padding-right:0px;}.elementor-6226 .elementor-element.elementor-element-a77dc94{--display:flex;--justify-content:space-between;--gap:10px 10px;--background-transition:0.3s;--padding-top:5%;--padding-bottom:5%;--padding-left:5%;--padding-right:5%;}.elementor-6226 .elementor-element.elementor-element-3b07ab7 .elementor-button{font-family:\"Poppins\", Sans-serif;font-size:11px;font-weight:400;fill:#FFFFFF;color:#FFFFFF;background-color:#20C857;border-radius:50px 50px 50px 50px;padding:10px 25px 10px 25px;}.elementor-6226 .elementor-element.elementor-element-3b07ab7 .elementor-button:hover, .elementor-6226 .elementor-element.elementor-element-3b07ab7 .elementor-button:focus{color:var( --e-global-color-ed1e6f7 );background-color:var( --e-global-color-79d9157 );}.elementor-6226 .elementor-element.elementor-element-3b07ab7 .elementor-button:hover svg, .elementor-6226 .elementor-element.elementor-element-3b07ab7 .elementor-button:focus svg{fill:var( --e-global-color-ed1e6f7 );}.jet-listing-item.single-jet-engine.elementor-page-6226 > .elementor{width:400px;margin-left:auto;margin-right:auto;}@media(max-width:1366px){.elementor-6226 .elementor-element.elementor-element-3b07ab7 .elementor-button{font-size:18px;}}<\/style>\n<p>\t\t\t<a href=\"#\"><br \/>\n\t\t\t\t\t\t\t\t\tView more<br \/>\n\t\t\t\t\t<\/a><\/p>\n\n\n<p>Entra a un escenario donde cada giro puede cambiarlo todo en <a href=\"https:\/\/myempire-es.com\/\" target=\"_blank\" rel=\"noreferrer noopener\">myempire-es.com<\/a>. Nuestra plataforma combina bonos generosos con promociones activas, mientras la tradici\u00f3n del casino gu\u00eda cada jugada importante y t\u00fa mueve tus fichas como la \u00e9lite. Ahora es tu momento, juega con confianza y domina la mesa.<\/p>","protected":false},"excerpt":{"rendered":"<p>Contenido y Engagement: La F\u00f3rmula para el \u00c9xito Digital En el mundo digital, la relevancia y la conexi\u00f3n son clave. Con nuestro servicio de Contenido &amp; Email Marketing, llevamos tu mensaje directamente al coraz\u00f3n de tu audiencia. Desde contenidos envolventes hasta campa\u00f1as de correo electr\u00f3nico estrat\u00e9gicas, te ayudamos a construir relaciones s\u00f3lidas y duraderas. Despierta [&hellip;]<\/p>\n","protected":false},"author":4,"featured_media":0,"parent":0,"menu_order":0,"comment_status":"closed","ping_status":"closed","template":"","meta":{"footnotes":""},"class_list":["post-7057","page","type-page","status-publish","hentry"],"_links":{"self":[{"href":"https:\/\/kleck.digital\/en\/wp-json\/wp\/v2\/pages\/7057","targetHints":{"allow":["GET"]}}],"collection":[{"href":"https:\/\/kleck.digital\/en\/wp-json\/wp\/v2\/pages"}],"about":[{"href":"https:\/\/kleck.digital\/en\/wp-json\/wp\/v2\/types\/page"}],"author":[{"embeddable":true,"href":"https:\/\/kleck.digital\/en\/wp-json\/wp\/v2\/users\/4"}],"replies":[{"embeddable":true,"href":"https:\/\/kleck.digital\/en\/wp-json\/wp\/v2\/comments?post=7057"}],"version-history":[{"count":29,"href":"https:\/\/kleck.digital\/en\/wp-json\/wp\/v2\/pages\/7057\/revisions"}],"predecessor-version":[{"id":8526,"href":"https:\/\/kleck.digital\/en\/wp-json\/wp\/v2\/pages\/7057\/revisions\/8526"}],"wp:attachment":[{"href":"https:\/\/kleck.digital\/en\/wp-json\/wp\/v2\/media?parent=7057"}],"curies":[{"name":"wp","href":"https:\/\/api.w.org\/{rel}","templated":true}]}}